{"id":10315,"date":"2024-04-01T17:17:56","date_gmt":"2024-04-01T17:17:56","guid":{"rendered":"https:\/\/firstnationsdrinkingwater.ca\/?page_id=10315"},"modified":"2024-10-08T14:37:58","modified_gmt":"2024-10-08T14:37:58","slug":"premieres-nations-impactees","status":"publish","type":"page","link":"https:\/\/firstnationsdrinkingwater.ca\/fr\/premieres-nations-impactees\/","title":{"rendered":"Premi\u00e8res nations impact\u00e9es"},"content":{"rendered":"<p><div class=\"fusion-fullwidth fullwidth-box fusion-builder-row-1 fusion-flex-container nonhundred-percent-fullwidth non-hundred-percent-height-scrolling\" style=\"--awb-border-radius-top-left:0px;--awb-border-radius-top-right:0px;--awb-border-radius-bottom-right:0px;--awb-border-radius-bottom-left:0px;--awb-padding-top:0px;--awb-padding-right:0px;--awb-padding-bottom:0px;--awb-margin-bottom:0px;--awb-min-height:calc( 80vh - 150px );--awb-background-color:#ffffff;--awb-flex-wrap:wrap;\" ><div class=\"fusion-builder-row fusion-row fusion-flex-align-items-flex-start fusion-flex-align-content-flex-start fusion-flex-content-wrap\" style=\"max-width:1331.2px;margin-left: calc(-4% \/ 2 );margin-right: calc(-4% \/ 2 );\"><div class=\"fusion-layout-column fusion_builder_column fusion-builder-column-0 fusion_builder_column_2_5 2_5 fusion-flex-column fusion-flex-align-self-center fusion-animated\" style=\"--awb-bg-size:cover;--awb-width-large:40%;--awb-margin-top-large:0px;--awb-spacing-right-large:4.8%;--awb-margin-bottom-large:55px;--awb-spacing-left-large:9.6%;--awb-width-medium:40%;--awb-order-medium:0;--awb-spacing-right-medium:4.8%;--awb-spacing-left-medium:9.6%;--awb-width-small:100%;--awb-order-small:1;--awb-spacing-right-small:1.92%;--awb-margin-bottom-small:0px;--awb-spacing-left-small:1.92%;\" data-animationType=\"fadeInUp\" data-animationDuration=\"0.8\" data-animationOffset=\"top-into-view\"><div class=\"fusion-column-wrapper fusion-column-has-shadow fusion-flex-justify-content-flex-start fusion-content-layout-column\"><div class=\"fusion-title title fusion-title-1 fusion-sep-none fusion-title-text fusion-title-size-one\" style=\"--awb-text-color:#033e8b;--awb-margin-bottom:10px;--awb-font-size:72px;\"><h1 class=\"fusion-title-heading title-heading-left fusion-responsive-typography-calculated\" style=\"font-family:&quot;Foco Bold&quot;;font-style:normal;font-weight:400;margin:0;letter-spacing:0px;text-transform:capitalize;font-size:1em;--fontSize:72;line-height:1.17;\">Premi\u00e8res nations impact\u00e9es<\/h1><\/div><div class=\"fusion-text fusion-text-1\"><p>Informations sur les Premi\u00e8res Nations qui ont connu des avis \u00e0 long terme concernant la qualit\u00e9 de l&rsquo;eau potable au cours des p\u00e9riodes couvertes par le r\u00e8glement.<\/p>\n<\/div><\/div><\/div><div class=\"fusion-layout-column fusion_builder_column fusion-builder-column-1 fusion_builder_column_3_5 3_5 fusion-flex-column fusion-flex-align-self-flex-start hero_column\" style=\"--awb-bg-size:cover;--awb-width-large:60%;--awb-margin-top-large:0px;--awb-spacing-right-large:0%;--awb-margin-bottom-large:0px;--awb-spacing-left-large:0%;--awb-width-medium:60%;--awb-order-medium:0;--awb-spacing-right-medium:0%;--awb-spacing-left-medium:0%;--awb-width-small:100%;--awb-order-small:0;--awb-spacing-right-small:1.92%;--awb-spacing-left-small:1.92%;\"><div class=\"fusion-column-wrapper fusion-column-has-shadow fusion-flex-justify-content-flex-start fusion-content-layout-column\"><div class=\"fusion-image-element \" style=\"--awb-caption-title-font-family:var(--h2_typography-font-family);--awb-caption-title-font-weight:var(--h2_typography-font-weight);--awb-caption-title-font-style:var(--h2_typography-font-style);--awb-caption-title-size:var(--h2_typography-font-size);--awb-caption-title-transform:var(--h2_typography-text-transform);--awb-caption-title-line-height:var(--h2_typography-line-height);--awb-caption-title-letter-spacing:var(--h2_typography-letter-spacing);\"><span class=\" fusion-imageframe imageframe-none imageframe-1 hover-type-none hero_img\"><img decoding=\"async\" width=\"1600\" height=\"1212\" alt=\"Sun\" title=\"14132 FNDW Website Graphic_Impacted First Nations[71]\" src=\"https:\/\/firstnationsdrinkingwater.ca\/wp-content\/uploads\/2024\/03\/14132-FNDW-Website-Graphic_Impacted-First-Nations71.png\" data-orig-src=\"https:\/\/firstnationsdrinkingwater.ca\/wp-content\/uploads\/2024\/03\/14132-FNDW-Website-Graphic_Impacted-First-Nations71.png\" class=\"lazyload img-responsive wp-image-10276\" srcset=\"data:image\/svg+xml,%3Csvg%20xmlns%3D%27http%3A%2F%2Fwww.w3.org%2F2000%2Fsvg%27%20width%3D%271600%27%20height%3D%271212%27%20viewBox%3D%270%200%201600%201212%27%3E%3Crect%20width%3D%271600%27%20height%3D%271212%27%20fill-opacity%3D%220%22%2F%3E%3C%2Fsvg%3E\" data-srcset=\"https:\/\/firstnationsdrinkingwater.ca\/wp-content\/uploads\/2024\/03\/14132-FNDW-Website-Graphic_Impacted-First-Nations71-200x152.png 200w, https:\/\/firstnationsdrinkingwater.ca\/wp-content\/uploads\/2024\/03\/14132-FNDW-Website-Graphic_Impacted-First-Nations71-400x303.png 400w, https:\/\/firstnationsdrinkingwater.ca\/wp-content\/uploads\/2024\/03\/14132-FNDW-Website-Graphic_Impacted-First-Nations71-600x455.png 600w, https:\/\/firstnationsdrinkingwater.ca\/wp-content\/uploads\/2024\/03\/14132-FNDW-Website-Graphic_Impacted-First-Nations71-800x606.png 800w, https:\/\/firstnationsdrinkingwater.ca\/wp-content\/uploads\/2024\/03\/14132-FNDW-Website-Graphic_Impacted-First-Nations71-1200x909.png 1200w, https:\/\/firstnationsdrinkingwater.ca\/wp-content\/uploads\/2024\/03\/14132-FNDW-Website-Graphic_Impacted-First-Nations71.png 1600w\" data-sizes=\"auto\" data-orig-sizes=\"(max-width: 650px) 100vw, 800px\" \/><\/span><\/div><\/div><\/div><\/div><\/div><div class=\"fusion-fullwidth fullwidth-box fusion-builder-row-2 fusion-flex-container nonhundred-percent-fullwidth non-hundred-percent-height-scrolling\" style=\"--awb-border-radius-top-left:0px;--awb-border-radius-top-right:0px;--awb-border-radius-bottom-right:0px;--awb-border-radius-bottom-left:0px;--awb-padding-top:30px;--awb-flex-wrap:wrap;\" ><div class=\"fusion-builder-row fusion-row fusion-flex-align-items-flex-start fusion-flex-content-wrap\" style=\"max-width:1331.2px;margin-left: calc(-4% \/ 2 );margin-right: calc(-4% \/ 2 );\"><div class=\"fusion-layout-column fusion_builder_column fusion-builder-column-2 fusion_builder_column_1_1 1_1 fusion-flex-column\" style=\"--awb-bg-size:cover;--awb-width-large:100%;--awb-margin-top-large:0px;--awb-spacing-right-large:1.92%;--awb-margin-bottom-large:20px;--awb-spacing-left-large:1.92%;--awb-width-medium:100%;--awb-order-medium:0;--awb-spacing-right-medium:1.92%;--awb-spacing-left-medium:1.92%;--awb-width-small:100%;--awb-order-small:0;--awb-spacing-right-small:1.92%;--awb-spacing-left-small:1.92%;\"><div class=\"fusion-column-wrapper fusion-column-has-shadow fusion-flex-justify-content-flex-start fusion-content-layout-column\"><nav class=\"fusion-breadcrumbs awb-yoast-breadcrumbs fusion-breadcrumbs-1\" style=\"--awb-breadcrumb-sep:&#039;&gt;&#039;;\" aria-label=\"Breadcrumb\"><span><span><a href=\"https:\/\/firstnationsdrinkingwater.ca\/fr\/\">Home<\/a><\/span><\/span><\/nav><\/div><\/div><\/div><\/div><div class=\"fusion-fullwidth fullwidth-box fusion-builder-row-3 fusion-flex-container nonhundred-percent-fullwidth non-hundred-percent-height-scrolling\" style=\"--awb-border-radius-top-left:0px;--awb-border-radius-top-right:0px;--awb-border-radius-bottom-right:0px;--awb-border-radius-bottom-left:0px;--awb-flex-wrap:wrap;\" ><div class=\"fusion-builder-row fusion-row fusion-flex-align-items-flex-start fusion-flex-content-wrap\" style=\"max-width:1331.2px;margin-left: calc(-4% \/ 2 );margin-right: calc(-4% \/ 2 );\"><div class=\"fusion-layout-column fusion_builder_column fusion-builder-column-3 fusion_builder_column_1_1 1_1 fusion-flex-column\" style=\"--awb-padding-top:30px;--awb-bg-size:cover;--awb-width-large:100%;--awb-margin-top-large:0px;--awb-spacing-right-large:1.92%;--awb-margin-bottom-large:0px;--awb-spacing-left-large:1.92%;--awb-width-medium:33.333333333333%;--awb-order-medium:0;--awb-spacing-right-medium:5.76%;--awb-margin-bottom-medium:60px;--awb-spacing-left-medium:5.76%;--awb-width-small:100%;--awb-order-small:0;--awb-spacing-right-small:1.92%;--awb-spacing-left-small:1.92%;\"><div class=\"fusion-column-wrapper fusion-column-has-shadow fusion-flex-justify-content-flex-start fusion-content-layout-column\"><div class=\"fusion-title title fusion-title-2 fusion-sep-none fusion-title-text fusion-title-size-two\" style=\"--awb-font-size:26px;\"><h2 class=\"fusion-title-heading title-heading-left fusion-responsive-typography-calculated\" style=\"margin:0;font-size:1em;--fontSize:26;--minFontSize:26;line-height:1.38;\"><\/h2><\/div><\/div><\/div><\/div><\/div><div class=\"fusion-fullwidth fullwidth-box fusion-builder-row-4 fusion-flex-container has-pattern-background has-mask-background nonhundred-percent-fullwidth non-hundred-percent-height-scrolling\" style=\"--awb-border-radius-top-left:0px;--awb-border-radius-top-right:0px;--awb-border-radius-bottom-right:0px;--awb-border-radius-bottom-left:0px;--awb-flex-wrap:wrap;\" ><div class=\"fusion-builder-row fusion-row fusion-flex-align-items-flex-start fusion-flex-content-wrap\" style=\"max-width:1331.2px;margin-left: calc(-4% \/ 2 );margin-right: calc(-4% \/ 2 );\"><div class=\"fusion-layout-column fusion_builder_column fusion-builder-column-4 fusion_builder_column_1_1 1_1 fusion-flex-column\" style=\"--awb-bg-size:cover;--awb-width-large:100%;--awb-margin-top-large:0px;--awb-spacing-right-large:1.92%;--awb-margin-bottom-large:20px;--awb-spacing-left-large:1.92%;--awb-width-medium:100%;--awb-order-medium:0;--awb-spacing-right-medium:1.92%;--awb-spacing-left-medium:1.92%;--awb-width-small:100%;--awb-order-small:0;--awb-spacing-right-small:1.92%;--awb-spacing-left-small:1.92%;\"><div class=\"fusion-column-wrapper fusion-column-has-shadow fusion-flex-justify-content-flex-start fusion-content-layout-column\"><div class=\"fusion-title title fusion-title-3 fusion-sep-none fusion-title-text fusion-title-size-two\" style=\"--awb-font-size:26px;\"><h2 class=\"fusion-title-heading title-heading-left fusion-responsive-typography-calculated\" style=\"margin:0;font-size:1em;--fontSize:26;--minFontSize:26;line-height:1.38;\"><h2>Liste des Premi\u00e8res nations touch\u00e9es &#8211; compl\u00e8te<\/h2><\/h2><\/div><div class=\"fusion-text fusion-text-2\"><div class=\"index-module__VFezl\">\n<div class=\"styles-module__E0GIb styles-module__Xr_om\"><span class=\"styles-module__ypzdS\">Ce tableau pr\u00e9sente toutes les Premi\u00e8res nations qui ont re\u00e7u des avis \u00e0 long terme confirm\u00e9s concernant la qualit\u00e9 de l&rsquo;eau potable au cours de la p\u00e9riode vis\u00e9e par le r\u00e8glement. La p\u00e9riode de demande d&rsquo;indemnisation est d\u00e9sormais close pour les soumissions r\u00e9guli\u00e8res (\u00e0 moins que la r\u00e9serve de votre Premi\u00e8re nation ne soit incluse dans la prolongation limit\u00e9e).<\/span><\/div>\n<\/div>\n<\/div><div class=\"fusion-text fusion-text-3\"><div id=\"footable_parent_7624\"\n         class=\" footable_parent ninja_table_wrapper loading_ninja_table wp_table_data_press_parent semantic_ui \">\n                <table data-ninja_table_instance=\"ninja_table_instance_0\" data-footable_id=\"7624\" data-filter-delay=\"1000\" aria-label=\"CURRENT FNDW-FNandR-List-FR.csv\"            id=\"footable_7624\"\n           data-unique_identifier=\"ninja_table_unique_id_4213560669_7624\"\n           class=\" foo-table ninja_footable foo_table_7624 ninja_table_unique_id_4213560669_7624 ui table  nt_type_ajax_table selectable striped vertical_centered  footable-paging-right\">\n                <colgroup>\n                            <col class=\"ninja_column_0 \">\n                            <col class=\"ninja_column_1 \">\n                            <col class=\"ninja_column_2 \">\n                            <col class=\"ninja_column_3 \">\n                            <col class=\"ninja_column_4 \">\n                            <col class=\"ninja_column_5 \">\n                    <\/colgroup>\n            <\/table>\n    \n    \n    \n<\/div>\n\n<\/div><\/div><\/div><\/div><\/div><\/p>\n","protected":false},"excerpt":{"rendered":"","protected":false},"author":16,"featured_media":0,"parent":0,"menu_order":0,"comment_status":"closed","ping_status":"closed","template":"100-width.php","meta":{"inline_featured_image":false,"footnotes":"","_links_to":"","_links_to_target":""},"wf_page_folders":[],"class_list":["post-10315","page","type-page","status-publish","hentry"],"yoast_head":"<!-- This site is optimized with the Yoast SEO plugin v27.2 - https:\/\/yoast.com\/product\/yoast-seo-wordpress\/ -->\n<title>Premi\u00e8res nations impact\u00e9es - Sur l&#039;eau Potable des Premi\u00e8res Nations<\/title>\n<meta name=\"description\" content=\"Certaines r\u00e9serves des Premi\u00e8res Nations ont \u00e9t\u00e9 ajout\u00e9es au r\u00e8glement et les personnes admissibles de ces communaut\u00e9s b\u00e9n\u00e9ficient d\u2019une prolongation limit\u00e9e de la date limite de soumission des r\u00e9clamations.\" \/>\n<meta name=\"robots\" content=\"index, follow, max-snippet:-1, max-image-preview:large, max-video-preview:-1\" \/>\n<link rel=\"canonical\" href=\"https:\/\/firstnationsdrinkingwater.ca\/fr\/premieres-nations-impactees\/\" \/>\n<meta property=\"og:locale\" content=\"fr_FR\" \/>\n<meta property=\"og:type\" content=\"article\" \/>\n<meta property=\"og:title\" content=\"Premi\u00e8res nations impact\u00e9es - Sur l&#039;eau Potable des Premi\u00e8res Nations\" \/>\n<meta property=\"og:description\" content=\"Certaines r\u00e9serves des Premi\u00e8res Nations ont \u00e9t\u00e9 ajout\u00e9es au r\u00e8glement et les personnes admissibles de ces communaut\u00e9s b\u00e9n\u00e9ficient d\u2019une prolongation limit\u00e9e de la date limite de soumission des r\u00e9clamations.\" \/>\n<meta property=\"og:url\" content=\"https:\/\/firstnationsdrinkingwater.ca\/fr\/premieres-nations-impactees\/\" \/>\n<meta property=\"og:site_name\" content=\"Sur l&#039;eau Potable des Premi\u00e8res Nations\" \/>\n<meta property=\"article:modified_time\" content=\"2024-10-08T14:37:58+00:00\" \/>\n<meta name=\"twitter:card\" content=\"summary_large_image\" \/>\n<meta name=\"twitter:label1\" content=\"Dur\u00e9e de lecture estim\u00e9e\" \/>\n\t<meta name=\"twitter:data1\" content=\"1 minute\" \/>\n<script type=\"application\/ld+json\" class=\"yoast-schema-graph\">{\"@context\":\"https:\/\/schema.org\",\"@graph\":[{\"@type\":\"WebPage\",\"@id\":\"https:\/\/firstnationsdrinkingwater.ca\/fr\/premieres-nations-impactees\/\",\"url\":\"https:\/\/firstnationsdrinkingwater.ca\/fr\/premieres-nations-impactees\/\",\"name\":\"Premi\u00e8res nations impact\u00e9es - Sur l'eau Potable des Premi\u00e8res Nations\",\"isPartOf\":{\"@id\":\"https:\/\/firstnationsdrinkingwater.ca\/#website\"},\"datePublished\":\"2024-04-01T17:17:56+00:00\",\"dateModified\":\"2024-10-08T14:37:58+00:00\",\"description\":\"Certaines r\u00e9serves des Premi\u00e8res Nations ont \u00e9t\u00e9 ajout\u00e9es au r\u00e8glement et les personnes admissibles de ces communaut\u00e9s b\u00e9n\u00e9ficient d\u2019une prolongation limit\u00e9e de la date limite de soumission des r\u00e9clamations.\",\"breadcrumb\":{\"@id\":\"https:\/\/firstnationsdrinkingwater.ca\/fr\/premieres-nations-impactees\/#breadcrumb\"},\"inLanguage\":\"fr-FR\",\"potentialAction\":[{\"@type\":\"ReadAction\",\"target\":[\"https:\/\/firstnationsdrinkingwater.ca\/fr\/premieres-nations-impactees\/\"]}]},{\"@type\":\"BreadcrumbList\",\"@id\":\"https:\/\/firstnationsdrinkingwater.ca\/fr\/premieres-nations-impactees\/#breadcrumb\",\"itemListElement\":[{\"@type\":\"ListItem\",\"position\":1,\"name\":\"Home\",\"item\":\"https:\/\/firstnationsdrinkingwater.ca\/fr\/\"},{\"@type\":\"ListItem\",\"position\":2,\"name\":\"Premi\u00e8res nations impact\u00e9es\"}]},{\"@type\":\"WebSite\",\"@id\":\"https:\/\/firstnationsdrinkingwater.ca\/#website\",\"url\":\"https:\/\/firstnationsdrinkingwater.ca\/\",\"name\":\"Sur l'eau Potable des Premi\u00e8res Nations\",\"description\":\"Sur l'eau Potable des Premi\u00e8res Nations\",\"potentialAction\":[{\"@type\":\"SearchAction\",\"target\":{\"@type\":\"EntryPoint\",\"urlTemplate\":\"https:\/\/firstnationsdrinkingwater.ca\/?s={search_term_string}\"},\"query-input\":{\"@type\":\"PropertyValueSpecification\",\"valueRequired\":true,\"valueName\":\"search_term_string\"}}],\"inLanguage\":\"fr-FR\"}]}<\/script>\n<!-- \/ Yoast SEO plugin. -->","yoast_head_json":{"title":"Premi\u00e8res nations impact\u00e9es - Sur l'eau Potable des Premi\u00e8res Nations","description":"Certaines r\u00e9serves des Premi\u00e8res Nations ont \u00e9t\u00e9 ajout\u00e9es au r\u00e8glement et les personnes admissibles de ces communaut\u00e9s b\u00e9n\u00e9ficient d\u2019une prolongation limit\u00e9e de la date limite de soumission des r\u00e9clamations.","robots":{"index":"index","follow":"follow","max-snippet":"max-snippet:-1","max-image-preview":"max-image-preview:large","max-video-preview":"max-video-preview:-1"},"canonical":"https:\/\/firstnationsdrinkingwater.ca\/fr\/premieres-nations-impactees\/","og_locale":"fr_FR","og_type":"article","og_title":"Premi\u00e8res nations impact\u00e9es - Sur l'eau Potable des Premi\u00e8res Nations","og_description":"Certaines r\u00e9serves des Premi\u00e8res Nations ont \u00e9t\u00e9 ajout\u00e9es au r\u00e8glement et les personnes admissibles de ces communaut\u00e9s b\u00e9n\u00e9ficient d\u2019une prolongation limit\u00e9e de la date limite de soumission des r\u00e9clamations.","og_url":"https:\/\/firstnationsdrinkingwater.ca\/fr\/premieres-nations-impactees\/","og_site_name":"Sur l'eau Potable des Premi\u00e8res Nations","article_modified_time":"2024-10-08T14:37:58+00:00","twitter_card":"summary_large_image","twitter_misc":{"Dur\u00e9e de lecture estim\u00e9e":"1 minute"},"schema":{"@context":"https:\/\/schema.org","@graph":[{"@type":"WebPage","@id":"https:\/\/firstnationsdrinkingwater.ca\/fr\/premieres-nations-impactees\/","url":"https:\/\/firstnationsdrinkingwater.ca\/fr\/premieres-nations-impactees\/","name":"Premi\u00e8res nations impact\u00e9es - Sur l'eau Potable des Premi\u00e8res Nations","isPartOf":{"@id":"https:\/\/firstnationsdrinkingwater.ca\/#website"},"datePublished":"2024-04-01T17:17:56+00:00","dateModified":"2024-10-08T14:37:58+00:00","description":"Certaines r\u00e9serves des Premi\u00e8res Nations ont \u00e9t\u00e9 ajout\u00e9es au r\u00e8glement et les personnes admissibles de ces communaut\u00e9s b\u00e9n\u00e9ficient d\u2019une prolongation limit\u00e9e de la date limite de soumission des r\u00e9clamations.","breadcrumb":{"@id":"https:\/\/firstnationsdrinkingwater.ca\/fr\/premieres-nations-impactees\/#breadcrumb"},"inLanguage":"fr-FR","potentialAction":[{"@type":"ReadAction","target":["https:\/\/firstnationsdrinkingwater.ca\/fr\/premieres-nations-impactees\/"]}]},{"@type":"BreadcrumbList","@id":"https:\/\/firstnationsdrinkingwater.ca\/fr\/premieres-nations-impactees\/#breadcrumb","itemListElement":[{"@type":"ListItem","position":1,"name":"Home","item":"https:\/\/firstnationsdrinkingwater.ca\/fr\/"},{"@type":"ListItem","position":2,"name":"Premi\u00e8res nations impact\u00e9es"}]},{"@type":"WebSite","@id":"https:\/\/firstnationsdrinkingwater.ca\/#website","url":"https:\/\/firstnationsdrinkingwater.ca\/","name":"Sur l'eau Potable des Premi\u00e8res Nations","description":"Sur l'eau Potable des Premi\u00e8res Nations","potentialAction":[{"@type":"SearchAction","target":{"@type":"EntryPoint","urlTemplate":"https:\/\/firstnationsdrinkingwater.ca\/?s={search_term_string}"},"query-input":{"@type":"PropertyValueSpecification","valueRequired":true,"valueName":"search_term_string"}}],"inLanguage":"fr-FR"}]}},"_links":{"self":[{"href":"https:\/\/firstnationsdrinkingwater.ca\/fr\/wp-json\/wp\/v2\/pages\/10315","targetHints":{"allow":["GET"]}}],"collection":[{"href":"https:\/\/firstnationsdrinkingwater.ca\/fr\/wp-json\/wp\/v2\/pages"}],"about":[{"href":"https:\/\/firstnationsdrinkingwater.ca\/fr\/wp-json\/wp\/v2\/types\/page"}],"author":[{"embeddable":true,"href":"https:\/\/firstnationsdrinkingwater.ca\/fr\/wp-json\/wp\/v2\/users\/16"}],"replies":[{"embeddable":true,"href":"https:\/\/firstnationsdrinkingwater.ca\/fr\/wp-json\/wp\/v2\/comments?post=10315"}],"version-history":[{"count":30,"href":"https:\/\/firstnationsdrinkingwater.ca\/fr\/wp-json\/wp\/v2\/pages\/10315\/revisions"}],"predecessor-version":[{"id":10795,"href":"https:\/\/firstnationsdrinkingwater.ca\/fr\/wp-json\/wp\/v2\/pages\/10315\/revisions\/10795"}],"wp:attachment":[{"href":"https:\/\/firstnationsdrinkingwater.ca\/fr\/wp-json\/wp\/v2\/media?parent=10315"}],"wp:term":[{"taxonomy":"wf_page_folders","embeddable":true,"href":"https:\/\/firstnationsdrinkingwater.ca\/fr\/wp-json\/wp\/v2\/wf_page_folders?post=10315"}],"curies":[{"name":"wp","href":"https:\/\/api.w.org\/{rel}","templated":true}]}}