{"id":2516,"date":"2021-12-23T19:50:30","date_gmt":"2021-12-23T19:50:30","guid":{"rendered":"https:\/\/firstnationsdrinkingwater.ca\/index.php\/sabonner\/"},"modified":"2022-03-22T17:52:27","modified_gmt":"2022-03-22T17:52:27","slug":"sabonner","status":"publish","type":"page","link":"https:\/\/firstnationsdrinkingwater.ca\/fr\/sabonner\/","title":{"rendered":"S&rsquo;abonner"},"content":{"rendered":"<p><div class=\"fusion-fullwidth fullwidth-box fusion-builder-row-1 fusion-flex-container nonhundred-percent-fullwidth non-hundred-percent-height-scrolling\" style=\"--awb-border-radius-top-left:0px;--awb-border-radius-top-right:0px;--awb-border-radius-bottom-right:0px;--awb-border-radius-bottom-left:0px;--awb-background-color:#f2faff;--awb-flex-wrap:wrap;\" ><div class=\"fusion-builder-row fusion-row fusion-flex-align-items-flex-start fusion-flex-content-wrap\" style=\"max-width:1331.2px;margin-left: calc(-4% \/ 2 );margin-right: calc(-4% \/ 2 );\"><div class=\"fusion-layout-column fusion_builder_column fusion-builder-column-0 fusion_builder_column_1_1 1_1 fusion-flex-column\" style=\"--awb-bg-size:cover;--awb-width-large:100%;--awb-margin-top-large:0px;--awb-spacing-right-large:1.92%;--awb-margin-bottom-large:20px;--awb-spacing-left-large:1.92%;--awb-width-medium:100%;--awb-order-medium:0;--awb-spacing-right-medium:1.92%;--awb-spacing-left-medium:1.92%;--awb-width-small:100%;--awb-order-small:0;--awb-spacing-right-small:1.92%;--awb-spacing-left-small:1.92%;\"><div class=\"fusion-column-wrapper fusion-column-has-shadow fusion-flex-justify-content-flex-start fusion-content-layout-column\"><div class=\"fusion-title title fusion-title-1 fusion-sep-none fusion-title-text fusion-title-size-one\"><h1 class=\"fusion-title-heading title-heading-left fusion-responsive-typography-calculated\" style=\"margin:0;--fontSize:72;line-height:1.17;\"><h1><span class=\"TextRun SCXW174888100 BCX0\" lang=\"FR-CA\" xml:lang=\"FR-CA\" data-contrast=\"auto\"><span class=\"NormalTextRun SCXW174888100 BCX0\">S'abonner<\/span><\/span><span class=\"EOP SCXW174888100 BCX0\" data-ccp-props=\"\">\u00a0<\/span><\/h1><\/h1><\/div><\/div><\/div><\/div><\/div><div class=\"fusion-fullwidth fullwidth-box fusion-builder-row-2 fusion-flex-container nonhundred-percent-fullwidth non-hundred-percent-height-scrolling\" style=\"--awb-border-radius-top-left:0px;--awb-border-radius-top-right:0px;--awb-border-radius-bottom-right:0px;--awb-border-radius-bottom-left:0px;--awb-flex-wrap:wrap;\" ><div class=\"fusion-builder-row fusion-row fusion-flex-align-items-flex-start fusion-flex-content-wrap\" style=\"max-width:1331.2px;margin-left: calc(-4% \/ 2 );margin-right: calc(-4% \/ 2 );\"><div class=\"fusion-layout-column fusion_builder_column fusion-builder-column-1 fusion_builder_column_1_1 1_1 fusion-flex-column\" style=\"--awb-padding-top:30px;--awb-bg-size:cover;--awb-width-large:100%;--awb-margin-top-large:0px;--awb-spacing-right-large:1.92%;--awb-margin-bottom-large:20px;--awb-spacing-left-large:1.92%;--awb-width-medium:100%;--awb-order-medium:0;--awb-spacing-right-medium:1.92%;--awb-spacing-left-medium:1.92%;--awb-width-small:100%;--awb-order-small:0;--awb-spacing-right-small:1.92%;--awb-spacing-left-small:1.92%;\"><div class=\"fusion-column-wrapper fusion-column-has-shadow fusion-flex-justify-content-flex-start fusion-content-layout-column\"><nav class=\"fusion-breadcrumbs awb-yoast-breadcrumbs fusion-breadcrumbs-1\" style=\"--awb-breadcrumb-sep:&#039;&gt;&#039;;\" aria-label=\"Breadcrumb\"><span><span><a href=\"https:\/\/firstnationsdrinkingwater.ca\/fr\/\">Home<\/a><\/span><\/span><\/nav><\/div><\/div><\/div><\/div><div class=\"fusion-fullwidth fullwidth-box fusion-builder-row-3 fusion-flex-container nonhundred-percent-fullwidth non-hundred-percent-height-scrolling\" style=\"--awb-border-radius-top-left:0px;--awb-border-radius-top-right:0px;--awb-border-radius-bottom-right:0px;--awb-border-radius-bottom-left:0px;--awb-flex-wrap:wrap;\" ><div class=\"fusion-builder-row fusion-row fusion-flex-align-items-flex-start fusion-flex-content-wrap\" style=\"max-width:1331.2px;margin-left: calc(-4% \/ 2 );margin-right: calc(-4% \/ 2 );\"><div class=\"fusion-layout-column fusion_builder_column fusion-builder-column-2 fusion_builder_column_1_1 1_1 fusion-flex-column\" style=\"--awb-bg-size:cover;--awb-width-large:100%;--awb-margin-top-large:0px;--awb-spacing-right-large:1.92%;--awb-margin-bottom-large:20px;--awb-spacing-left-large:1.92%;--awb-width-medium:100%;--awb-order-medium:0;--awb-spacing-right-medium:1.92%;--awb-spacing-left-medium:1.92%;--awb-width-small:100%;--awb-order-small:0;--awb-spacing-right-small:1.92%;--awb-spacing-left-small:1.92%;\"><div class=\"fusion-column-wrapper fusion-column-has-shadow fusion-flex-justify-content-flex-start fusion-content-layout-column\"><div class=\"fusion-text fusion-text-1\" style=\"--awb-font-size:20px;--awb-line-height:26px;--awb-text-transform:none;--awb-text-font-family:&quot;Open Sans&quot;;--awb-text-font-style:normal;--awb-text-font-weight:400;\"><p style=\"text-align: center;\"><span class=\"TextRun Highlight SCXW168781086 BCX0\" lang=\"FR-CA\" xml:lang=\"FR-CA\" data-contrast=\"auto\"><span class=\"NormalTextRun SCXW168781086 BCX0\">Veuillez remplir le formulaire ci-dessous si vous souhaitez recevoir des mises \u00e0 jour et des nouvelles au sujet de l'entente de r\u00e8glement sur l'eau potable des Premi\u00e8res Nations et de la proc\u00e9dure de demande d'indemnisation. Vous pouvez vous d\u00e9sabonner \u00e0 tout moment en suivant les instructions figurant dans chaque communication (lien de d\u00e9sabonnement dans le courriel, r\u00e9ponse ARR\u00caTER par message texte).<\/span><\/span><span class=\"EOP SCXW168781086 BCX0\" data-ccp-props=\"\">\u00a0<\/span><\/p>\n<\/div><iframe width=\"1000\" height=\"650\" src=\"https:\/\/40fa0ff7.sibforms.com\/serve\/MUIEAJ_eOJEaBYIA3hdt8G58LQmZNaqrBk7y_gIJzBTzCcO0FcZ7YXGjgZ-vzvu1sKZK8HmjBVzIkEsjLcTRWNgK5jXWFQiG8NvttUyh4HAGm0_VYvfzKFHezfLI7yQxhmzJWTiIHMuMrkhDV1l41OUf4NaxPP-TpmwugxHEWd4DyI53_Elc6yFJBQB1HZM-63WPZqFnjjU8f3j4\" frameborder=\"0\" scrolling=\"auto\" allowfullscreen style=\"display: block;margin-left: auto;margin-right: auto;max-width: 100%;\"><\/iframe><\/div><\/div><\/div><\/div><\/p>\n","protected":false},"excerpt":{"rendered":"","protected":false},"author":4,"featured_media":0,"parent":0,"menu_order":0,"comment_status":"closed","ping_status":"closed","template":"100-width.php","meta":{"inline_featured_image":false,"footnotes":"","_links_to":"","_links_to_target":""},"wf_page_folders":[],"class_list":["post-2516","page","type-page","status-publish","hentry"],"yoast_head":"<!-- This site is optimized with the Yoast SEO plugin v27.2 - https:\/\/yoast.com\/product\/yoast-seo-wordpress\/ -->\n<title>S&#039;abonner - Sur l&#039;eau Potable des Premi\u00e8res Nations<\/title>\n<meta name=\"robots\" content=\"index, follow, max-snippet:-1, max-image-preview:large, max-video-preview:-1\" \/>\n<link rel=\"canonical\" href=\"https:\/\/firstnationsdrinkingwater.ca\/subscribe\/\" \/>\n<meta property=\"og:locale\" content=\"fr_FR\" \/>\n<meta property=\"og:type\" content=\"article\" \/>\n<meta property=\"og:title\" content=\"S&#039;abonner - Sur l&#039;eau Potable des Premi\u00e8res Nations\" \/>\n<meta property=\"og:url\" content=\"https:\/\/firstnationsdrinkingwater.ca\/subscribe\/\" \/>\n<meta property=\"og:site_name\" content=\"Sur l&#039;eau Potable des Premi\u00e8res Nations\" \/>\n<meta property=\"article:modified_time\" content=\"2022-03-22T17:52:27+00:00\" \/>\n<meta name=\"twitter:card\" content=\"summary_large_image\" \/>\n<meta name=\"twitter:label1\" content=\"Dur\u00e9e de lecture estim\u00e9e\" \/>\n\t<meta name=\"twitter:data1\" content=\"6 minutes\" \/>\n<script type=\"application\/ld+json\" class=\"yoast-schema-graph\">{\"@context\":\"https:\/\/schema.org\",\"@graph\":[{\"@type\":\"WebPage\",\"@id\":\"https:\/\/firstnationsdrinkingwater.ca\/subscribe\/\",\"url\":\"https:\/\/firstnationsdrinkingwater.ca\/subscribe\/\",\"name\":\"S'abonner - Sur l'eau Potable des Premi\u00e8res Nations\",\"isPartOf\":{\"@id\":\"https:\/\/firstnationsdrinkingwater.ca\/#website\"},\"datePublished\":\"2021-12-23T19:50:30+00:00\",\"dateModified\":\"2022-03-22T17:52:27+00:00\",\"breadcrumb\":{\"@id\":\"https:\/\/firstnationsdrinkingwater.ca\/subscribe\/#breadcrumb\"},\"inLanguage\":\"fr-FR\",\"potentialAction\":[{\"@type\":\"ReadAction\",\"target\":[\"https:\/\/firstnationsdrinkingwater.ca\/subscribe\/\"]}]},{\"@type\":\"BreadcrumbList\",\"@id\":\"https:\/\/firstnationsdrinkingwater.ca\/subscribe\/#breadcrumb\",\"itemListElement\":[{\"@type\":\"ListItem\",\"position\":1,\"name\":\"Home\",\"item\":\"https:\/\/firstnationsdrinkingwater.ca\/fr\/\"},{\"@type\":\"ListItem\",\"position\":2,\"name\":\"S&#8217;abonner\"}]},{\"@type\":\"WebSite\",\"@id\":\"https:\/\/firstnationsdrinkingwater.ca\/#website\",\"url\":\"https:\/\/firstnationsdrinkingwater.ca\/\",\"name\":\"Sur l'eau Potable des Premi\u00e8res Nations\",\"description\":\"Sur l'eau Potable des Premi\u00e8res Nations\",\"potentialAction\":[{\"@type\":\"SearchAction\",\"target\":{\"@type\":\"EntryPoint\",\"urlTemplate\":\"https:\/\/firstnationsdrinkingwater.ca\/?s={search_term_string}\"},\"query-input\":{\"@type\":\"PropertyValueSpecification\",\"valueRequired\":true,\"valueName\":\"search_term_string\"}}],\"inLanguage\":\"fr-FR\"}]}<\/script>\n<!-- \/ Yoast SEO plugin. -->","yoast_head_json":{"title":"S'abonner - Sur l'eau Potable des Premi\u00e8res Nations","robots":{"index":"index","follow":"follow","max-snippet":"max-snippet:-1","max-image-preview":"max-image-preview:large","max-video-preview":"max-video-preview:-1"},"canonical":"https:\/\/firstnationsdrinkingwater.ca\/subscribe\/","og_locale":"fr_FR","og_type":"article","og_title":"S'abonner - Sur l'eau Potable des Premi\u00e8res Nations","og_url":"https:\/\/firstnationsdrinkingwater.ca\/subscribe\/","og_site_name":"Sur l'eau Potable des Premi\u00e8res Nations","article_modified_time":"2022-03-22T17:52:27+00:00","twitter_card":"summary_large_image","twitter_misc":{"Dur\u00e9e de lecture estim\u00e9e":"6 minutes"},"schema":{"@context":"https:\/\/schema.org","@graph":[{"@type":"WebPage","@id":"https:\/\/firstnationsdrinkingwater.ca\/subscribe\/","url":"https:\/\/firstnationsdrinkingwater.ca\/subscribe\/","name":"S'abonner - Sur l'eau Potable des Premi\u00e8res Nations","isPartOf":{"@id":"https:\/\/firstnationsdrinkingwater.ca\/#website"},"datePublished":"2021-12-23T19:50:30+00:00","dateModified":"2022-03-22T17:52:27+00:00","breadcrumb":{"@id":"https:\/\/firstnationsdrinkingwater.ca\/subscribe\/#breadcrumb"},"inLanguage":"fr-FR","potentialAction":[{"@type":"ReadAction","target":["https:\/\/firstnationsdrinkingwater.ca\/subscribe\/"]}]},{"@type":"BreadcrumbList","@id":"https:\/\/firstnationsdrinkingwater.ca\/subscribe\/#breadcrumb","itemListElement":[{"@type":"ListItem","position":1,"name":"Home","item":"https:\/\/firstnationsdrinkingwater.ca\/fr\/"},{"@type":"ListItem","position":2,"name":"S&#8217;abonner"}]},{"@type":"WebSite","@id":"https:\/\/firstnationsdrinkingwater.ca\/#website","url":"https:\/\/firstnationsdrinkingwater.ca\/","name":"Sur l'eau Potable des Premi\u00e8res Nations","description":"Sur l'eau Potable des Premi\u00e8res Nations","potentialAction":[{"@type":"SearchAction","target":{"@type":"EntryPoint","urlTemplate":"https:\/\/firstnationsdrinkingwater.ca\/?s={search_term_string}"},"query-input":{"@type":"PropertyValueSpecification","valueRequired":true,"valueName":"search_term_string"}}],"inLanguage":"fr-FR"}]}},"_links":{"self":[{"href":"https:\/\/firstnationsdrinkingwater.ca\/fr\/wp-json\/wp\/v2\/pages\/2516","targetHints":{"allow":["GET"]}}],"collection":[{"href":"https:\/\/firstnationsdrinkingwater.ca\/fr\/wp-json\/wp\/v2\/pages"}],"about":[{"href":"https:\/\/firstnationsdrinkingwater.ca\/fr\/wp-json\/wp\/v2\/types\/page"}],"author":[{"embeddable":true,"href":"https:\/\/firstnationsdrinkingwater.ca\/fr\/wp-json\/wp\/v2\/users\/4"}],"replies":[{"embeddable":true,"href":"https:\/\/firstnationsdrinkingwater.ca\/fr\/wp-json\/wp\/v2\/comments?post=2516"}],"version-history":[{"count":40,"href":"https:\/\/firstnationsdrinkingwater.ca\/fr\/wp-json\/wp\/v2\/pages\/2516\/revisions"}],"predecessor-version":[{"id":5825,"href":"https:\/\/firstnationsdrinkingwater.ca\/fr\/wp-json\/wp\/v2\/pages\/2516\/revisions\/5825"}],"wp:attachment":[{"href":"https:\/\/firstnationsdrinkingwater.ca\/fr\/wp-json\/wp\/v2\/media?parent=2516"}],"wp:term":[{"taxonomy":"wf_page_folders","embeddable":true,"href":"https:\/\/firstnationsdrinkingwater.ca\/fr\/wp-json\/wp\/v2\/wf_page_folders?post=2516"}],"curies":[{"name":"wp","href":"https:\/\/api.w.org\/{rel}","templated":true}]}}