{"id":5019,"date":"2022-03-05T01:16:32","date_gmt":"2022-03-05T01:16:32","guid":{"rendered":"https:\/\/firstnationsdrinkingwater.ca\/index.php\/aide-et-soutien\/parler-a-un-avocat\/"},"modified":"2024-03-05T23:10:55","modified_gmt":"2024-03-05T23:10:55","slug":"parler-a-un-avocat","status":"publish","type":"page","link":"https:\/\/firstnationsdrinkingwater.ca\/fr\/aide-et-soutien\/parler-a-un-avocat\/","title":{"rendered":"Parler \u00e0 un avocat"},"content":{"rendered":"<p><div class=\"fusion-fullwidth fullwidth-box fusion-builder-row-1 fusion-flex-container nonhundred-percent-fullwidth non-hundred-percent-height-scrolling\" style=\"--awb-border-radius-top-left:0px;--awb-border-radius-top-right:0px;--awb-border-radius-bottom-right:0px;--awb-border-radius-bottom-left:0px;--awb-background-color:#f1fafe;--awb-flex-wrap:wrap;\" ><div class=\"fusion-builder-row fusion-row fusion-flex-align-items-flex-start fusion-flex-content-wrap\" style=\"max-width:1331.2px;margin-left: calc(-4% \/ 2 );margin-right: calc(-4% \/ 2 );\"><div class=\"fusion-layout-column fusion_builder_column fusion-builder-column-0 fusion_builder_column_1_1 1_1 fusion-flex-column\" style=\"--awb-padding-right:10px;--awb-bg-size:cover;--awb-width-large:100%;--awb-margin-top-large:30px;--awb-spacing-right-large:1.92%;--awb-margin-bottom-large:30px;--awb-spacing-left-large:1.92%;--awb-width-medium:100%;--awb-order-medium:0;--awb-spacing-right-medium:1.92%;--awb-spacing-left-medium:1.92%;--awb-width-small:100%;--awb-order-small:0;--awb-spacing-right-small:1.92%;--awb-spacing-left-small:1.92%;\"><div class=\"fusion-column-wrapper fusion-column-has-shadow fusion-flex-justify-content-flex-start fusion-content-layout-column\"><div class=\"fusion-title title fusion-title-1 fusion-sep-none fusion-title-text fusion-title-size-one\"><h1 class=\"fusion-title-heading title-heading-left fusion-responsive-typography-calculated\" style=\"margin:0;--fontSize:72;line-height:1.17;\">Parler \u00e0 un avocat<\/h1><\/div><\/div><\/div><\/div><\/div><div class=\"fusion-fullwidth fullwidth-box fusion-builder-row-2 fusion-flex-container nonhundred-percent-fullwidth non-hundred-percent-height-scrolling\" style=\"--awb-border-radius-top-left:0px;--awb-border-radius-top-right:0px;--awb-border-radius-bottom-right:0px;--awb-border-radius-bottom-left:0px;--awb-padding-top:50px;--awb-flex-wrap:wrap;\" ><div class=\"fusion-builder-row fusion-row fusion-flex-align-items-flex-start fusion-flex-content-wrap\" style=\"max-width:1331.2px;margin-left: calc(-4% \/ 2 );margin-right: calc(-4% \/ 2 );\"><div class=\"fusion-layout-column fusion_builder_column fusion-builder-column-1 fusion_builder_column_1_1 1_1 fusion-flex-column\" style=\"--awb-padding-top:20px;--awb-bg-size:cover;--awb-width-large:100%;--awb-margin-top-large:0px;--awb-spacing-right-large:1.92%;--awb-margin-bottom-large:20px;--awb-spacing-left-large:1.92%;--awb-width-medium:100%;--awb-order-medium:0;--awb-spacing-right-medium:1.92%;--awb-spacing-left-medium:1.92%;--awb-width-small:100%;--awb-order-small:0;--awb-spacing-right-small:1.92%;--awb-spacing-left-small:1.92%;\"><div class=\"fusion-column-wrapper fusion-column-has-shadow fusion-flex-justify-content-flex-start fusion-content-layout-column\"><nav class=\"fusion-breadcrumbs awb-yoast-breadcrumbs fusion-breadcrumbs-1\" style=\"--awb-margin-top:5px;--awb-margin-right:10px;--awb-margin-bottom:5px;--awb-breadcrumb-sep:&#039;&gt;&#039;;\" aria-label=\"Breadcrumb\"><span><span><a href=\"https:\/\/firstnationsdrinkingwater.ca\/fr\/\">Home<\/a><\/span><\/span><\/nav><\/div><\/div><\/div><\/div><div class=\"fusion-fullwidth fullwidth-box fusion-builder-row-3 fusion-flex-container nonhundred-percent-fullwidth non-hundred-percent-height-scrolling\" style=\"--awb-border-radius-top-left:0px;--awb-border-radius-top-right:0px;--awb-border-radius-bottom-right:0px;--awb-border-radius-bottom-left:0px;--awb-flex-wrap:wrap;\" ><div class=\"fusion-builder-row fusion-row fusion-flex-align-items-flex-start fusion-flex-content-wrap\" style=\"max-width:1331.2px;margin-left: calc(-4% \/ 2 );margin-right: calc(-4% \/ 2 );\"><div class=\"fusion-layout-column fusion_builder_column fusion-builder-column-2 fusion_builder_column_1_1 1_1 fusion-flex-column\" style=\"--awb-bg-size:cover;--awb-width-large:100%;--awb-margin-top-large:0px;--awb-spacing-right-large:1.92%;--awb-margin-bottom-large:20px;--awb-spacing-left-large:1.92%;--awb-width-medium:100%;--awb-order-medium:0;--awb-spacing-right-medium:1.92%;--awb-spacing-left-medium:1.92%;--awb-width-small:100%;--awb-order-small:0;--awb-spacing-right-small:1.92%;--awb-spacing-left-small:1.92%;\"><div class=\"fusion-column-wrapper fusion-column-has-shadow fusion-flex-justify-content-flex-start fusion-content-layout-column\"><div class=\"fusion-title title fusion-title-2 fusion-sep-none fusion-title-text fusion-title-size-one\"><h1 class=\"fusion-title-heading title-heading-left fusion-responsive-typography-calculated\" style=\"margin:0;--fontSize:72;line-height:1.17;\">Conseils juridiques<\/h1><\/div><div class=\"fusion-text fusion-text-1\" style=\"--awb-text-transform:none;\"><p><span data-contrast=\"none\">Vous pouvez parler aux avocats du recours collectif si vous avez des questions juridiques sur le r\u00e8glement ou si vous avez besoin d'aide pour faire une demande d'indemnisation, sans frais. <\/span><span data-ccp-props=\"\"> <\/span><span data-ccp-props=\"\"> <\/span><\/p>\n<p><span data-contrast=\"none\">Les avocats du recours collectif pour cette affaire sont McCarthy T\u00e9trault LLP et Olthuis Kleer Townshend LLP. Vous pouvez les contacter \u00e0 l'adresse suivante :<\/span><span data-ccp-props=\"\"> <\/span><\/p>\n<\/div><div class=\"fusion-builder-row fusion-builder-row-inner fusion-row fusion-flex-align-items-flex-start fusion-flex-content-wrap\" style=\"width:104% !important;max-width:104% !important;margin-left: calc(-4% \/ 2 );margin-right: calc(-4% \/ 2 );\"><div class=\"fusion-layout-column fusion_builder_column_inner fusion-builder-nested-column-0 fusion_builder_column_inner_1_2 1_2 fusion-flex-column fusion-flex-align-self-stretch\" style=\"--awb-padding-top:20px;--awb-padding-right:20px;--awb-padding-bottom:20px;--awb-padding-left:20px;--awb-overflow:hidden;--awb-bg-color:#f1fafe;--awb-bg-color-hover:#f1fafe;--awb-bg-size:cover;--awb-border-radius:20px 20px 20px 20px;--awb-width-large:50%;--awb-margin-top-large:0px;--awb-spacing-right-large:3.84%;--awb-margin-bottom-large:20px;--awb-spacing-left-large:3.84%;--awb-width-medium:50%;--awb-order-medium:0;--awb-spacing-right-medium:3.84%;--awb-spacing-left-medium:3.84%;--awb-width-small:100%;--awb-order-small:0;--awb-spacing-right-small:1.92%;--awb-spacing-left-small:1.92%;\"><div class=\"fusion-column-wrapper fusion-column-has-shadow fusion-flex-justify-content-flex-start fusion-content-layout-column\"><div class=\"fusion-image-element \" style=\"text-align:center;--awb-max-width:50px;--awb-caption-title-font-family:var(--h2_typography-font-family);--awb-caption-title-font-weight:var(--h2_typography-font-weight);--awb-caption-title-font-style:var(--h2_typography-font-style);--awb-caption-title-size:var(--h2_typography-font-size);--awb-caption-title-transform:var(--h2_typography-text-transform);--awb-caption-title-line-height:var(--h2_typography-line-height);--awb-caption-title-letter-spacing:var(--h2_typography-letter-spacing);\"><span class=\" fusion-imageframe imageframe-none imageframe-1 hover-type-none\"><img decoding=\"async\" width=\"235\" height=\"259\" alt=\"Email\" src=\"https:\/\/firstnationsdrinkingwater.ca\/wp-content\/uploads\/2022\/02\/email.png\" data-orig-src=\"https:\/\/firstnationsdrinkingwater.ca\/wp-content\/uploads\/2022\/02\/email.png\" class=\"lazyload img-responsive wp-image-3576\" srcset=\"data:image\/svg+xml,%3Csvg%20xmlns%3D%27http%3A%2F%2Fwww.w3.org%2F2000%2Fsvg%27%20width%3D%27235%27%20height%3D%27259%27%20viewBox%3D%270%200%20235%20259%27%3E%3Crect%20width%3D%27235%27%20height%3D%27259%27%20fill-opacity%3D%220%22%2F%3E%3C%2Fsvg%3E\" data-srcset=\"https:\/\/firstnationsdrinkingwater.ca\/wp-content\/uploads\/2022\/02\/email-200x220.png 200w, https:\/\/firstnationsdrinkingwater.ca\/wp-content\/uploads\/2022\/02\/email.png 235w\" data-sizes=\"auto\" data-orig-sizes=\"(max-width: 650px) 100vw, 235px\" \/><\/span><\/div><div class=\"fusion-text fusion-text-2 text_block_links\" style=\"--awb-text-transform:none;--awb-margin-top:20px;\"><p style=\"text-align: center;\"><strong>Courriel :<\/strong> <a href=\"mailto:counsel@firstnationsdrinkingwater.ca\">counsel@firstnationsdrinkingwater.ca<\/a><\/p>\n<\/div><\/div><\/div><div class=\"fusion-layout-column fusion_builder_column_inner fusion-builder-nested-column-1 fusion_builder_column_inner_1_2 1_2 fusion-flex-column text_block_links\" style=\"--awb-padding-top:20px;--awb-padding-right:20px;--awb-padding-bottom:20px;--awb-padding-left:20px;--awb-overflow:hidden;--awb-bg-color:#f1fafe;--awb-bg-color-hover:#f1fafe;--awb-bg-size:cover;--awb-border-radius:20px 20px 20px 20px;--awb-width-large:50%;--awb-margin-top-large:0px;--awb-spacing-right-large:3.84%;--awb-margin-bottom-large:20px;--awb-spacing-left-large:3.84%;--awb-width-medium:50%;--awb-order-medium:0;--awb-spacing-right-medium:3.84%;--awb-spacing-left-medium:3.84%;--awb-width-small:100%;--awb-order-small:0;--awb-spacing-right-small:1.92%;--awb-spacing-left-small:1.92%;\"><div class=\"fusion-column-wrapper fusion-column-has-shadow fusion-flex-justify-content-flex-start fusion-content-layout-column\"><div class=\"fusion-image-element \" style=\"text-align:center;--awb-max-width:50px;--awb-caption-title-font-family:var(--h2_typography-font-family);--awb-caption-title-font-weight:var(--h2_typography-font-weight);--awb-caption-title-font-style:var(--h2_typography-font-style);--awb-caption-title-size:var(--h2_typography-font-size);--awb-caption-title-transform:var(--h2_typography-text-transform);--awb-caption-title-line-height:var(--h2_typography-line-height);--awb-caption-title-letter-spacing:var(--h2_typography-letter-spacing);\"><span class=\" fusion-imageframe imageframe-none imageframe-2 hover-type-none\"><img decoding=\"async\" width=\"126\" height=\"195\" src=\"data:image\/svg+xml,%3Csvg%20xmlns%3D%27http%3A%2F%2Fwww.w3.org%2F2000%2Fsvg%27%20width%3D%27126%27%20height%3D%27195%27%20viewBox%3D%270%200%20126%20195%27%3E%3Crect%20width%3D%27126%27%20height%3D%27195%27%20fill-opacity%3D%220%22%2F%3E%3C%2Fsvg%3E\" data-orig-src=\"https:\/\/firstnationsdrinkingwater.ca\/wp-content\/uploads\/2022\/03\/cell-phone.png\" alt class=\"lazyload img-responsive wp-image-4224\"\/><\/span><\/div><div class=\"fusion-text fusion-text-3\" style=\"--awb-text-transform:none;--awb-margin-top:20px;\"><p style=\"text-align: center;\">T\u00e9l\u00e9phone: &nbsp;<a class=\"c-link\" href=\"tel:18332657589\" target=\"_blank\" rel=\"noopener noreferrer\" data-stringify-link=\"tel:18332657589\" data-sk=\"tooltip_parent\">1-833-265-7589<\/a><\/p>\n<\/div><\/div><\/div><\/div><div class=\"fusion-title title fusion-title-3 fusion-sep-none fusion-title-text fusion-title-size-one\" style=\"--awb-margin-top:50px;\"><h1 class=\"fusion-title-heading title-heading-left fusion-responsive-typography-calculated\" style=\"margin:0;--fontSize:72;line-height:1.17;\">Proc\u00e9dure de r\u00e8glement des r\u00e9clamations<\/h1><\/div><div class=\"fusion-text fusion-text-4\" style=\"--awb-text-transform:none;\"><p style=\"text-align: left;\"><span data-contrast=\"none\">Si vous avez besoin d\u2019aide pour comprendre le processus de r\u00e8glement des r\u00e9clamations et le formulaire de r\u00e9clamation, contactez l\u2019administrateur :<\/span><\/p>\n<\/div><div class=\"fusion-builder-row fusion-builder-row-inner fusion-row fusion-flex-align-items-flex-start fusion-flex-content-wrap\" style=\"width:104% !important;max-width:104% !important;margin-left: calc(-4% \/ 2 );margin-right: calc(-4% \/ 2 );\"><div class=\"fusion-layout-column fusion_builder_column_inner fusion-builder-nested-column-2 fusion_builder_column_inner_1_1 1_1 fusion-flex-column\" style=\"--awb-padding-top:20px;--awb-padding-right:20px;--awb-padding-bottom:20px;--awb-padding-left:20px;--awb-overflow:hidden;--awb-bg-color:#f1fafe;--awb-bg-color-hover:#f1fafe;--awb-bg-size:cover;--awb-border-radius:20px 20px 20px 20px;--awb-width-large:100%;--awb-margin-top-large:0px;--awb-spacing-right-large:1.92%;--awb-margin-bottom-large:20px;--awb-spacing-left-large:1.92%;--awb-width-medium:100%;--awb-order-medium:0;--awb-spacing-right-medium:1.92%;--awb-spacing-left-medium:1.92%;--awb-width-small:100%;--awb-order-small:0;--awb-spacing-right-small:1.92%;--awb-spacing-left-small:1.92%;\"><div class=\"fusion-column-wrapper fusion-column-has-shadow fusion-flex-justify-content-flex-start fusion-content-layout-column\"><div class=\"fusion-image-element \" style=\"text-align:center;--awb-max-width:50px;--awb-caption-title-font-family:var(--h2_typography-font-family);--awb-caption-title-font-weight:var(--h2_typography-font-weight);--awb-caption-title-font-style:var(--h2_typography-font-style);--awb-caption-title-size:var(--h2_typography-font-size);--awb-caption-title-transform:var(--h2_typography-text-transform);--awb-caption-title-line-height:var(--h2_typography-line-height);--awb-caption-title-letter-spacing:var(--h2_typography-letter-spacing);\"><span class=\" fusion-imageframe imageframe-none imageframe-3 hover-type-none\"><img decoding=\"async\" width=\"126\" height=\"195\" src=\"data:image\/svg+xml,%3Csvg%20xmlns%3D%27http%3A%2F%2Fwww.w3.org%2F2000%2Fsvg%27%20width%3D%27126%27%20height%3D%27195%27%20viewBox%3D%270%200%20126%20195%27%3E%3Crect%20width%3D%27126%27%20height%3D%27195%27%20fill-opacity%3D%220%22%2F%3E%3C%2Fsvg%3E\" data-orig-src=\"https:\/\/firstnationsdrinkingwater.ca\/wp-content\/uploads\/2022\/03\/cell-phone.png\" alt class=\"lazyload img-responsive wp-image-4224\"\/><\/span><\/div><div class=\"fusion-text fusion-text-5 text_block_links\" style=\"--awb-text-transform:none;--awb-margin-top:20px;\"><p style=\"text-align: center;\">Appelez l\u2019administrateur des demandes d\u2019indemnisation (sans frais) du lundi au vendredi, de 10 h \u00e0 20 h, HNE, au <a class=\"c-link\" href=\"tel:18332524220\" target=\"_blank\" rel=\"noopener noreferrer\" data-stringify-link=\"tel:18332524220\" data-sk=\"tooltip_parent\">1-833-252-4220<\/a><\/p>\n<\/div><\/div><\/div><\/div><\/div><\/div><\/div><\/div><div class=\"fusion-fullwidth fullwidth-box fusion-builder-row-4 fusion-flex-container nonhundred-percent-fullwidth non-hundred-percent-height-scrolling\" style=\"--awb-border-radius-top-left:0px;--awb-border-radius-top-right:0px;--awb-border-radius-bottom-right:0px;--awb-border-radius-bottom-left:0px;--awb-flex-wrap:wrap;\" ><div class=\"fusion-builder-row fusion-row fusion-flex-align-items-flex-start fusion-flex-content-wrap\" style=\"max-width:1331.2px;margin-left: calc(-4% \/ 2 );margin-right: calc(-4% \/ 2 );\"><div class=\"fusion-layout-column fusion_builder_column fusion-builder-column-3 fusion_builder_column_1_1 1_1 fusion-flex-column\" style=\"--awb-padding-top:50px;--awb-bg-size:cover;--awb-width-large:100%;--awb-margin-top-large:0px;--awb-spacing-right-large:1.92%;--awb-margin-bottom-large:20px;--awb-spacing-left-large:1.92%;--awb-width-medium:100%;--awb-order-medium:0;--awb-spacing-right-medium:1.92%;--awb-spacing-left-medium:1.92%;--awb-width-small:100%;--awb-order-small:0;--awb-spacing-right-small:1.92%;--awb-spacing-left-small:1.92%;\"><div class=\"fusion-column-wrapper fusion-column-has-shadow fusion-flex-justify-content-flex-start fusion-content-layout-column\"><div class=\"fusion-text fusion-text-6 text_block_links\" style=\"--awb-text-transform:none;\"><h2>Foire aux questions<\/h2>\n<p><span class=\"TextRun SCXW178777078 BCX0\" lang=\"EN-CA\" xml:lang=\"EN-CA\" data-contrast=\"auto\"><span class=\"NormalTextRun SCXW178777078 BCX0\">Si vous avez des questions sur le formulaire de r\u00e9clamation ou sur le processus<\/span> <span class=\"NormalTextRun SCXW178777078 BCX0\">de <\/span><span class=\"NormalTextRun SCXW178777078 BCX0\">r\u00e8glement des r\u00e9clamations, consultez la <a href=\"https:\/\/firstnationsdrinkingwater.ca\/fr\/index.php\/aide-et-soutien\/faqs\/\">FAQ.<\/a><\/span><\/span><\/p>\n<\/div><\/div><\/div><\/div><\/div><\/p>\n","protected":false},"excerpt":{"rendered":"","protected":false},"author":3,"featured_media":0,"parent":4859,"menu_order":0,"comment_status":"closed","ping_status":"closed","template":"100-width.php","meta":{"inline_featured_image":false,"footnotes":"","_links_to":"","_links_to_target":""},"wf_page_folders":[],"class_list":["post-5019","page","type-page","status-publish","hentry"],"yoast_head":"<!-- This site is optimized with the Yoast SEO plugin v27.2 - https:\/\/yoast.com\/product\/yoast-seo-wordpress\/ -->\n<title>Parler \u00e0 un avocat - Sur l&#039;eau Potable des Premi\u00e8res Nations<\/title>\n<meta name=\"description\" content=\"First National Drinking Water Settlement Class members with legal questions about this settlement agreement or about the class action in general, can contact Class Counsel (the lawyers for the Class Members) at no charge.\" \/>\n<meta name=\"robots\" content=\"index, follow, max-snippet:-1, max-image-preview:large, max-video-preview:-1\" \/>\n<link rel=\"canonical\" href=\"https:\/\/firstnationsdrinkingwater.ca\/?page_id=3147\" \/>\n<meta property=\"og:locale\" content=\"fr_FR\" \/>\n<meta property=\"og:type\" content=\"article\" \/>\n<meta property=\"og:title\" content=\"Parler \u00e0 un avocat - Sur l&#039;eau Potable des Premi\u00e8res Nations\" \/>\n<meta property=\"og:description\" content=\"First National Drinking Water Settlement Class members with legal questions about this settlement agreement or about the class action in general, can contact Class Counsel (the lawyers for the Class Members) at no charge.\" \/>\n<meta property=\"og:url\" content=\"https:\/\/firstnationsdrinkingwater.ca\/?page_id=3147\" \/>\n<meta property=\"og:site_name\" content=\"Sur l&#039;eau Potable des Premi\u00e8res Nations\" \/>\n<meta property=\"article:modified_time\" content=\"2024-03-05T23:10:55+00:00\" \/>\n<meta name=\"twitter:card\" content=\"summary_large_image\" \/>\n<meta name=\"twitter:label1\" content=\"Dur\u00e9e de lecture estim\u00e9e\" \/>\n\t<meta name=\"twitter:data1\" content=\"5 minutes\" \/>\n<script type=\"application\/ld+json\" class=\"yoast-schema-graph\">{\"@context\":\"https:\/\/schema.org\",\"@graph\":[{\"@type\":\"WebPage\",\"@id\":\"https:\/\/firstnationsdrinkingwater.ca\/?page_id=3147\",\"url\":\"https:\/\/firstnationsdrinkingwater.ca\/?page_id=3147\",\"name\":\"Parler \u00e0 un avocat - Sur l'eau Potable des Premi\u00e8res Nations\",\"isPartOf\":{\"@id\":\"https:\/\/firstnationsdrinkingwater.ca\/#website\"},\"datePublished\":\"2022-03-05T01:16:32+00:00\",\"dateModified\":\"2024-03-05T23:10:55+00:00\",\"description\":\"First National Drinking Water Settlement Class members with legal questions about this settlement agreement or about the class action in general, can contact Class Counsel (the lawyers for the Class Members) at no charge.\",\"breadcrumb\":{\"@id\":\"https:\/\/firstnationsdrinkingwater.ca\/?page_id=3147#breadcrumb\"},\"inLanguage\":\"fr-FR\",\"potentialAction\":[{\"@type\":\"ReadAction\",\"target\":[\"https:\/\/firstnationsdrinkingwater.ca\/?page_id=3147\"]}]},{\"@type\":\"BreadcrumbList\",\"@id\":\"https:\/\/firstnationsdrinkingwater.ca\/?page_id=3147#breadcrumb\",\"itemListElement\":[{\"@type\":\"ListItem\",\"position\":1,\"name\":\"Home\",\"item\":\"https:\/\/firstnationsdrinkingwater.ca\/fr\/\"},{\"@type\":\"ListItem\",\"position\":2,\"name\":\"Aide et soutien\",\"item\":\"https:\/\/firstnationsdrinkingwater.ca\/?page_id=3140\"},{\"@type\":\"ListItem\",\"position\":3,\"name\":\"Parler \u00e0 un avocat\"}]},{\"@type\":\"WebSite\",\"@id\":\"https:\/\/firstnationsdrinkingwater.ca\/#website\",\"url\":\"https:\/\/firstnationsdrinkingwater.ca\/\",\"name\":\"Sur l'eau Potable des Premi\u00e8res Nations\",\"description\":\"Sur l'eau Potable des Premi\u00e8res Nations\",\"potentialAction\":[{\"@type\":\"SearchAction\",\"target\":{\"@type\":\"EntryPoint\",\"urlTemplate\":\"https:\/\/firstnationsdrinkingwater.ca\/?s={search_term_string}\"},\"query-input\":{\"@type\":\"PropertyValueSpecification\",\"valueRequired\":true,\"valueName\":\"search_term_string\"}}],\"inLanguage\":\"fr-FR\"}]}<\/script>\n<!-- \/ Yoast SEO plugin. -->","yoast_head_json":{"title":"Parler \u00e0 un avocat - Sur l'eau Potable des Premi\u00e8res Nations","description":"First National Drinking Water Settlement Class members with legal questions about this settlement agreement or about the class action in general, can contact Class Counsel (the lawyers for the Class Members) at no charge.","robots":{"index":"index","follow":"follow","max-snippet":"max-snippet:-1","max-image-preview":"max-image-preview:large","max-video-preview":"max-video-preview:-1"},"canonical":"https:\/\/firstnationsdrinkingwater.ca\/?page_id=3147","og_locale":"fr_FR","og_type":"article","og_title":"Parler \u00e0 un avocat - Sur l'eau Potable des Premi\u00e8res Nations","og_description":"First National Drinking Water Settlement Class members with legal questions about this settlement agreement or about the class action in general, can contact Class Counsel (the lawyers for the Class Members) at no charge.","og_url":"https:\/\/firstnationsdrinkingwater.ca\/?page_id=3147","og_site_name":"Sur l'eau Potable des Premi\u00e8res Nations","article_modified_time":"2024-03-05T23:10:55+00:00","twitter_card":"summary_large_image","twitter_misc":{"Dur\u00e9e de lecture estim\u00e9e":"5 minutes"},"schema":{"@context":"https:\/\/schema.org","@graph":[{"@type":"WebPage","@id":"https:\/\/firstnationsdrinkingwater.ca\/?page_id=3147","url":"https:\/\/firstnationsdrinkingwater.ca\/?page_id=3147","name":"Parler \u00e0 un avocat - Sur l'eau Potable des Premi\u00e8res Nations","isPartOf":{"@id":"https:\/\/firstnationsdrinkingwater.ca\/#website"},"datePublished":"2022-03-05T01:16:32+00:00","dateModified":"2024-03-05T23:10:55+00:00","description":"First National Drinking Water Settlement Class members with legal questions about this settlement agreement or about the class action in general, can contact Class Counsel (the lawyers for the Class Members) at no charge.","breadcrumb":{"@id":"https:\/\/firstnationsdrinkingwater.ca\/?page_id=3147#breadcrumb"},"inLanguage":"fr-FR","potentialAction":[{"@type":"ReadAction","target":["https:\/\/firstnationsdrinkingwater.ca\/?page_id=3147"]}]},{"@type":"BreadcrumbList","@id":"https:\/\/firstnationsdrinkingwater.ca\/?page_id=3147#breadcrumb","itemListElement":[{"@type":"ListItem","position":1,"name":"Home","item":"https:\/\/firstnationsdrinkingwater.ca\/fr\/"},{"@type":"ListItem","position":2,"name":"Aide et soutien","item":"https:\/\/firstnationsdrinkingwater.ca\/?page_id=3140"},{"@type":"ListItem","position":3,"name":"Parler \u00e0 un avocat"}]},{"@type":"WebSite","@id":"https:\/\/firstnationsdrinkingwater.ca\/#website","url":"https:\/\/firstnationsdrinkingwater.ca\/","name":"Sur l'eau Potable des Premi\u00e8res Nations","description":"Sur l'eau Potable des Premi\u00e8res Nations","potentialAction":[{"@type":"SearchAction","target":{"@type":"EntryPoint","urlTemplate":"https:\/\/firstnationsdrinkingwater.ca\/?s={search_term_string}"},"query-input":{"@type":"PropertyValueSpecification","valueRequired":true,"valueName":"search_term_string"}}],"inLanguage":"fr-FR"}]}},"_links":{"self":[{"href":"https:\/\/firstnationsdrinkingwater.ca\/fr\/wp-json\/wp\/v2\/pages\/5019","targetHints":{"allow":["GET"]}}],"collection":[{"href":"https:\/\/firstnationsdrinkingwater.ca\/fr\/wp-json\/wp\/v2\/pages"}],"about":[{"href":"https:\/\/firstnationsdrinkingwater.ca\/fr\/wp-json\/wp\/v2\/types\/page"}],"author":[{"embeddable":true,"href":"https:\/\/firstnationsdrinkingwater.ca\/fr\/wp-json\/wp\/v2\/users\/3"}],"replies":[{"embeddable":true,"href":"https:\/\/firstnationsdrinkingwater.ca\/fr\/wp-json\/wp\/v2\/comments?post=5019"}],"version-history":[{"count":48,"href":"https:\/\/firstnationsdrinkingwater.ca\/fr\/wp-json\/wp\/v2\/pages\/5019\/revisions"}],"predecessor-version":[{"id":9851,"href":"https:\/\/firstnationsdrinkingwater.ca\/fr\/wp-json\/wp\/v2\/pages\/5019\/revisions\/9851"}],"up":[{"embeddable":true,"href":"https:\/\/firstnationsdrinkingwater.ca\/fr\/wp-json\/wp\/v2\/pages\/4859"}],"wp:attachment":[{"href":"https:\/\/firstnationsdrinkingwater.ca\/fr\/wp-json\/wp\/v2\/media?parent=5019"}],"wp:term":[{"taxonomy":"wf_page_folders","embeddable":true,"href":"https:\/\/firstnationsdrinkingwater.ca\/fr\/wp-json\/wp\/v2\/wf_page_folders?post=5019"}],"curies":[{"name":"wp","href":"https:\/\/api.w.org\/{rel}","templated":true}]}}