{"id":5084,"date":"2022-03-05T02:08:00","date_gmt":"2022-03-05T02:08:00","guid":{"rendered":"https:\/\/firstnationsdrinkingwater.ca\/index.php\/aide-et-soutien\/acceder-aux-ressources-de-bien-etre\/"},"modified":"2024-03-05T23:12:08","modified_gmt":"2024-03-05T23:12:08","slug":"acceder-aux-ressources-de-bien-etre","status":"publish","type":"page","link":"https:\/\/firstnationsdrinkingwater.ca\/fr\/aide-et-soutien\/acceder-aux-ressources-de-bien-etre\/","title":{"rendered":"Acc\u00e9der aux ressources de bien-\u00eatre"},"content":{"rendered":"<p><div class=\"fusion-fullwidth fullwidth-box fusion-builder-row-1 fusion-flex-container nonhundred-percent-fullwidth non-hundred-percent-height-scrolling\" style=\"--awb-border-radius-top-left:0px;--awb-border-radius-top-right:0px;--awb-border-radius-bottom-right:0px;--awb-border-radius-bottom-left:0px;--awb-background-color:#f1fafe;--awb-flex-wrap:wrap;\" ><div class=\"fusion-builder-row fusion-row fusion-flex-align-items-flex-start fusion-flex-content-wrap\" style=\"max-width:1331.2px;margin-left: calc(-4% \/ 2 );margin-right: calc(-4% \/ 2 );\"><div class=\"fusion-layout-column fusion_builder_column fusion-builder-column-0 fusion_builder_column_1_1 1_1 fusion-flex-column\" style=\"--awb-bg-size:cover;--awb-width-large:100%;--awb-margin-top-large:30px;--awb-spacing-right-large:1.92%;--awb-margin-bottom-large:30px;--awb-spacing-left-large:1.92%;--awb-width-medium:100%;--awb-order-medium:0;--awb-spacing-right-medium:1.92%;--awb-spacing-left-medium:1.92%;--awb-width-small:100%;--awb-order-small:0;--awb-spacing-right-small:1.92%;--awb-spacing-left-small:1.92%;\"><div class=\"fusion-column-wrapper fusion-column-has-shadow fusion-flex-justify-content-flex-start fusion-content-layout-column\"><div class=\"fusion-title title fusion-title-1 fusion-sep-none fusion-title-text fusion-title-size-one\"><h1 class=\"fusion-title-heading title-heading-left fusion-responsive-typography-calculated\" style=\"margin:0;--fontSize:72;line-height:1.17;\">Acc\u00e9der aux ressources de bien-\u00eatre<\/h1><\/div><\/div><\/div><\/div><\/div><div class=\"fusion-fullwidth fullwidth-box fusion-builder-row-2 fusion-flex-container nonhundred-percent-fullwidth non-hundred-percent-height-scrolling\" style=\"--awb-border-radius-top-left:0px;--awb-border-radius-top-right:0px;--awb-border-radius-bottom-right:0px;--awb-border-radius-bottom-left:0px;--awb-flex-wrap:wrap;\" ><div class=\"fusion-builder-row fusion-row fusion-flex-align-items-flex-start fusion-flex-content-wrap\" style=\"max-width:1331.2px;margin-left: calc(-4% \/ 2 );margin-right: calc(-4% \/ 2 );\"><div class=\"fusion-layout-column fusion_builder_column fusion-builder-column-1 fusion_builder_column_1_1 1_1 fusion-flex-column\" style=\"--awb-bg-size:cover;--awb-width-large:100%;--awb-margin-top-large:0px;--awb-spacing-right-large:1.92%;--awb-margin-bottom-large:20px;--awb-spacing-left-large:1.92%;--awb-width-medium:100%;--awb-order-medium:0;--awb-spacing-right-medium:1.92%;--awb-spacing-left-medium:1.92%;--awb-width-small:100%;--awb-order-small:0;--awb-spacing-right-small:1.92%;--awb-spacing-left-small:1.92%;\"><div class=\"fusion-column-wrapper fusion-column-has-shadow fusion-flex-justify-content-flex-start fusion-content-layout-column\"><nav class=\"fusion-breadcrumbs awb-yoast-breadcrumbs fusion-breadcrumbs-1\" style=\"--awb-breadcrumb-sep:&#039;&gt;&#039;;\" aria-label=\"Breadcrumb\"><span><span><a href=\"https:\/\/firstnationsdrinkingwater.ca\/fr\/\">Home<\/a><\/span><\/span><\/nav><\/div><\/div><\/div><\/div><div class=\"fusion-fullwidth fullwidth-box fusion-builder-row-3 fusion-flex-container nonhundred-percent-fullwidth non-hundred-percent-height-scrolling\" style=\"--awb-border-radius-top-left:0px;--awb-border-radius-top-right:0px;--awb-border-radius-bottom-right:0px;--awb-border-radius-bottom-left:0px;--awb-flex-wrap:wrap;\" ><div class=\"fusion-builder-row fusion-row fusion-flex-align-items-flex-start fusion-flex-content-wrap\" style=\"max-width:1331.2px;margin-left: calc(-4% \/ 2 );margin-right: calc(-4% \/ 2 );\"><div class=\"fusion-layout-column fusion_builder_column fusion-builder-column-2 fusion_builder_column_1_1 1_1 fusion-flex-column\" style=\"--awb-padding-top:30px;--awb-bg-size:cover;--awb-width-large:100%;--awb-margin-top-large:0px;--awb-spacing-right-large:1.92%;--awb-margin-bottom-large:20px;--awb-spacing-left-large:1.92%;--awb-width-medium:100%;--awb-order-medium:0;--awb-spacing-right-medium:1.92%;--awb-spacing-left-medium:1.92%;--awb-width-small:100%;--awb-order-small:0;--awb-spacing-right-small:1.92%;--awb-spacing-left-small:1.92%;\"><div class=\"fusion-column-wrapper fusion-column-has-shadow fusion-flex-justify-content-flex-start fusion-content-layout-column\"><div class=\"fusion-text fusion-text-1\" style=\"--awb-text-transform:none;\"><h2>Soutien au mieux-\u00eatre<\/h2>\n<p>Un soutien \u00e9motionnel et de crise est disponible via Hope for Wellness. (disponible en anglais, en fran\u00e7ais, en cri, en ojibway et en inuktitut sur demande).<\/p>\n<\/div><div class=\"fusion-builder-row fusion-builder-row-inner fusion-row fusion-flex-align-items-flex-start fusion-flex-content-wrap\" style=\"width:104% !important;max-width:104% !important;margin-left: calc(-4% \/ 2 );margin-right: calc(-4% \/ 2 );\"><div class=\"fusion-layout-column fusion_builder_column_inner fusion-builder-nested-column-0 fusion_builder_column_inner_1_2 1_2 fusion-flex-column fusion-flex-align-self-stretch\" style=\"--awb-padding-top:20px;--awb-padding-right:20px;--awb-padding-bottom:20px;--awb-padding-left:20px;--awb-overflow:hidden;--awb-bg-color:#f2faff;--awb-bg-color-hover:#f2faff;--awb-bg-size:cover;--awb-border-radius:20px 20px 20px 20px;--awb-width-large:50%;--awb-margin-top-large:0px;--awb-spacing-right-large:3.84%;--awb-margin-bottom-large:20px;--awb-spacing-left-large:3.84%;--awb-width-medium:50%;--awb-order-medium:0;--awb-spacing-right-medium:3.84%;--awb-spacing-left-medium:3.84%;--awb-width-small:100%;--awb-order-small:0;--awb-spacing-right-small:1.92%;--awb-spacing-left-small:1.92%;\"><div class=\"fusion-column-wrapper fusion-column-has-shadow fusion-flex-justify-content-center fusion-content-layout-column\"><div class=\"fusion-image-element \" style=\"text-align:center;--awb-max-width:50px;--awb-caption-title-font-family:var(--h2_typography-font-family);--awb-caption-title-font-weight:var(--h2_typography-font-weight);--awb-caption-title-font-style:var(--h2_typography-font-style);--awb-caption-title-size:var(--h2_typography-font-size);--awb-caption-title-transform:var(--h2_typography-text-transform);--awb-caption-title-line-height:var(--h2_typography-line-height);--awb-caption-title-letter-spacing:var(--h2_typography-letter-spacing);\"><span class=\" fusion-imageframe imageframe-none imageframe-1 hover-type-none\"><img decoding=\"async\" width=\"177\" height=\"121\" src=\"data:image\/svg+xml,%3Csvg%20xmlns%3D%27http%3A%2F%2Fwww.w3.org%2F2000%2Fsvg%27%20width%3D%27177%27%20height%3D%27121%27%20viewBox%3D%270%200%20177%20121%27%3E%3Crect%20width%3D%27177%27%20height%3D%27121%27%20fill-opacity%3D%220%22%2F%3E%3C%2Fsvg%3E\" data-orig-src=\"https:\/\/firstnationsdrinkingwater.ca\/wp-content\/uploads\/2022\/03\/online-chat.png\" alt class=\"lazyload img-responsive wp-image-4232\"\/><\/span><\/div><div class=\"fusion-text fusion-text-2 text_block_links\" style=\"--awb-text-transform:none;--awb-margin-top:20px;\"><p style=\"text-align: center;\">Clavardez en ligne sur <a href=\"http:\/\/www.hopeforwellness.ca\/\">www.hopeforwellness.ca.<\/a><\/p>\n<\/div><\/div><\/div><div class=\"fusion-layout-column fusion_builder_column_inner fusion-builder-nested-column-1 fusion_builder_column_inner_1_2 1_2 fusion-flex-column fusion-flex-align-self-stretch\" style=\"--awb-padding-top:20px;--awb-padding-right:20px;--awb-padding-bottom:20px;--awb-padding-left:20px;--awb-overflow:hidden;--awb-bg-color:#f2faff;--awb-bg-color-hover:#f2faff;--awb-bg-size:cover;--awb-border-radius:20px 20px 20px 20px;--awb-width-large:50%;--awb-margin-top-large:0px;--awb-spacing-right-large:3.84%;--awb-margin-bottom-large:20px;--awb-spacing-left-large:3.84%;--awb-width-medium:50%;--awb-order-medium:0;--awb-spacing-right-medium:3.84%;--awb-spacing-left-medium:3.84%;--awb-width-small:100%;--awb-order-small:0;--awb-spacing-right-small:1.92%;--awb-spacing-left-small:1.92%;\"><div class=\"fusion-column-wrapper fusion-column-has-shadow fusion-flex-justify-content-center fusion-content-layout-column\"><div class=\"fusion-image-element \" style=\"text-align:center;--awb-max-width:50px;--awb-caption-title-font-family:var(--h2_typography-font-family);--awb-caption-title-font-weight:var(--h2_typography-font-weight);--awb-caption-title-font-style:var(--h2_typography-font-style);--awb-caption-title-size:var(--h2_typography-font-size);--awb-caption-title-transform:var(--h2_typography-text-transform);--awb-caption-title-line-height:var(--h2_typography-line-height);--awb-caption-title-letter-spacing:var(--h2_typography-letter-spacing);\"><span class=\" fusion-imageframe imageframe-none imageframe-2 hover-type-none\"><img decoding=\"async\" width=\"126\" height=\"195\" src=\"data:image\/svg+xml,%3Csvg%20xmlns%3D%27http%3A%2F%2Fwww.w3.org%2F2000%2Fsvg%27%20width%3D%27126%27%20height%3D%27195%27%20viewBox%3D%270%200%20126%20195%27%3E%3Crect%20width%3D%27126%27%20height%3D%27195%27%20fill-opacity%3D%220%22%2F%3E%3C%2Fsvg%3E\" data-orig-src=\"https:\/\/firstnationsdrinkingwater.ca\/wp-content\/uploads\/2022\/03\/cell-phone.png\" alt class=\"lazyload img-responsive wp-image-4224\"\/><\/span><\/div><div class=\"fusion-text fusion-text-3 text_block_links\" style=\"--awb-text-transform:none;--awb-margin-top:20px;\"><p style=\"text-align: center;\"><strong>Appelez la ligne d\u2019assistance (sans frais) au<\/strong>&nbsp;<a class=\"c-link\" href=\"tel:18332657589\" target=\"_blank\" rel=\"noopener noreferrer\" data-stringify-link=\"tel:18552423310 \" data-sk=\"tooltip_parent\">1-855-242-3310<\/a><\/p>\n<\/div><\/div><\/div><\/div><\/div><\/div><\/div><\/div><\/p>\n","protected":false},"excerpt":{"rendered":"","protected":false},"author":3,"featured_media":0,"parent":4859,"menu_order":0,"comment_status":"closed","ping_status":"closed","template":"100-width.php","meta":{"inline_featured_image":false,"footnotes":"","_links_to":"","_links_to_target":""},"wf_page_folders":[],"class_list":["post-5084","page","type-page","status-publish","hentry"],"yoast_head":"<!-- This site is optimized with the Yoast SEO plugin v27.2 - https:\/\/yoast.com\/product\/yoast-seo-wordpress\/ -->\n<title>Acc\u00e9der aux ressources de bien-\u00eatre - Sur l&#039;eau Potable des Premi\u00e8res Nations<\/title>\n<meta name=\"description\" content=\"Des soutiens en mati\u00e8re de sant\u00e9 mentale et de bien-\u00eatre sont offerts aux membres de la cat\u00e9gorie de l&#039;eau potable des Premi\u00e8res Nations\" \/>\n<meta name=\"robots\" content=\"index, follow, max-snippet:-1, max-image-preview:large, max-video-preview:-1\" \/>\n<link rel=\"canonical\" href=\"https:\/\/firstnationsdrinkingwater.ca\/?page_id=3149\" \/>\n<meta property=\"og:locale\" content=\"fr_FR\" \/>\n<meta property=\"og:type\" content=\"article\" \/>\n<meta property=\"og:title\" content=\"Acc\u00e9der aux ressources de bien-\u00eatre - Sur l&#039;eau Potable des Premi\u00e8res Nations\" \/>\n<meta property=\"og:description\" content=\"Des soutiens en mati\u00e8re de sant\u00e9 mentale et de bien-\u00eatre sont offerts aux membres de la cat\u00e9gorie de l&#039;eau potable des Premi\u00e8res Nations\" \/>\n<meta property=\"og:url\" content=\"https:\/\/firstnationsdrinkingwater.ca\/?page_id=3149\" \/>\n<meta property=\"og:site_name\" content=\"Sur l&#039;eau Potable des Premi\u00e8res Nations\" \/>\n<meta property=\"article:modified_time\" content=\"2024-03-05T23:12:08+00:00\" \/>\n<meta name=\"twitter:card\" content=\"summary_large_image\" \/>\n<meta name=\"twitter:label1\" content=\"Dur\u00e9e de lecture estim\u00e9e\" \/>\n\t<meta name=\"twitter:data1\" content=\"9 minutes\" \/>\n<script type=\"application\/ld+json\" class=\"yoast-schema-graph\">{\"@context\":\"https:\/\/schema.org\",\"@graph\":[{\"@type\":\"WebPage\",\"@id\":\"https:\/\/firstnationsdrinkingwater.ca\/?page_id=3149\",\"url\":\"https:\/\/firstnationsdrinkingwater.ca\/?page_id=3149\",\"name\":\"Acc\u00e9der aux ressources de bien-\u00eatre - Sur l'eau Potable des Premi\u00e8res Nations\",\"isPartOf\":{\"@id\":\"https:\/\/firstnationsdrinkingwater.ca\/#website\"},\"datePublished\":\"2022-03-05T02:08:00+00:00\",\"dateModified\":\"2024-03-05T23:12:08+00:00\",\"description\":\"Des soutiens en mati\u00e8re de sant\u00e9 mentale et de bien-\u00eatre sont offerts aux membres de la cat\u00e9gorie de l'eau potable des Premi\u00e8res Nations\",\"breadcrumb\":{\"@id\":\"https:\/\/firstnationsdrinkingwater.ca\/?page_id=3149#breadcrumb\"},\"inLanguage\":\"fr-FR\",\"potentialAction\":[{\"@type\":\"ReadAction\",\"target\":[\"https:\/\/firstnationsdrinkingwater.ca\/?page_id=3149\"]}]},{\"@type\":\"BreadcrumbList\",\"@id\":\"https:\/\/firstnationsdrinkingwater.ca\/?page_id=3149#breadcrumb\",\"itemListElement\":[{\"@type\":\"ListItem\",\"position\":1,\"name\":\"Home\",\"item\":\"https:\/\/firstnationsdrinkingwater.ca\/fr\/\"},{\"@type\":\"ListItem\",\"position\":2,\"name\":\"Aide et soutien\",\"item\":\"https:\/\/firstnationsdrinkingwater.ca\/?page_id=3140\"},{\"@type\":\"ListItem\",\"position\":3,\"name\":\"Acc\u00e9der aux ressources de bien-\u00eatre\"}]},{\"@type\":\"WebSite\",\"@id\":\"https:\/\/firstnationsdrinkingwater.ca\/#website\",\"url\":\"https:\/\/firstnationsdrinkingwater.ca\/\",\"name\":\"Sur l'eau Potable des Premi\u00e8res Nations\",\"description\":\"Sur l'eau Potable des Premi\u00e8res Nations\",\"potentialAction\":[{\"@type\":\"SearchAction\",\"target\":{\"@type\":\"EntryPoint\",\"urlTemplate\":\"https:\/\/firstnationsdrinkingwater.ca\/?s={search_term_string}\"},\"query-input\":{\"@type\":\"PropertyValueSpecification\",\"valueRequired\":true,\"valueName\":\"search_term_string\"}}],\"inLanguage\":\"fr-FR\"}]}<\/script>\n<!-- \/ Yoast SEO plugin. -->","yoast_head_json":{"title":"Acc\u00e9der aux ressources de bien-\u00eatre - Sur l'eau Potable des Premi\u00e8res Nations","description":"Des soutiens en mati\u00e8re de sant\u00e9 mentale et de bien-\u00eatre sont offerts aux membres de la cat\u00e9gorie de l'eau potable des Premi\u00e8res Nations","robots":{"index":"index","follow":"follow","max-snippet":"max-snippet:-1","max-image-preview":"max-image-preview:large","max-video-preview":"max-video-preview:-1"},"canonical":"https:\/\/firstnationsdrinkingwater.ca\/?page_id=3149","og_locale":"fr_FR","og_type":"article","og_title":"Acc\u00e9der aux ressources de bien-\u00eatre - Sur l'eau Potable des Premi\u00e8res Nations","og_description":"Des soutiens en mati\u00e8re de sant\u00e9 mentale et de bien-\u00eatre sont offerts aux membres de la cat\u00e9gorie de l'eau potable des Premi\u00e8res Nations","og_url":"https:\/\/firstnationsdrinkingwater.ca\/?page_id=3149","og_site_name":"Sur l'eau Potable des Premi\u00e8res Nations","article_modified_time":"2024-03-05T23:12:08+00:00","twitter_card":"summary_large_image","twitter_misc":{"Dur\u00e9e de lecture estim\u00e9e":"9 minutes"},"schema":{"@context":"https:\/\/schema.org","@graph":[{"@type":"WebPage","@id":"https:\/\/firstnationsdrinkingwater.ca\/?page_id=3149","url":"https:\/\/firstnationsdrinkingwater.ca\/?page_id=3149","name":"Acc\u00e9der aux ressources de bien-\u00eatre - Sur l'eau Potable des Premi\u00e8res Nations","isPartOf":{"@id":"https:\/\/firstnationsdrinkingwater.ca\/#website"},"datePublished":"2022-03-05T02:08:00+00:00","dateModified":"2024-03-05T23:12:08+00:00","description":"Des soutiens en mati\u00e8re de sant\u00e9 mentale et de bien-\u00eatre sont offerts aux membres de la cat\u00e9gorie de l'eau potable des Premi\u00e8res Nations","breadcrumb":{"@id":"https:\/\/firstnationsdrinkingwater.ca\/?page_id=3149#breadcrumb"},"inLanguage":"fr-FR","potentialAction":[{"@type":"ReadAction","target":["https:\/\/firstnationsdrinkingwater.ca\/?page_id=3149"]}]},{"@type":"BreadcrumbList","@id":"https:\/\/firstnationsdrinkingwater.ca\/?page_id=3149#breadcrumb","itemListElement":[{"@type":"ListItem","position":1,"name":"Home","item":"https:\/\/firstnationsdrinkingwater.ca\/fr\/"},{"@type":"ListItem","position":2,"name":"Aide et soutien","item":"https:\/\/firstnationsdrinkingwater.ca\/?page_id=3140"},{"@type":"ListItem","position":3,"name":"Acc\u00e9der aux ressources de bien-\u00eatre"}]},{"@type":"WebSite","@id":"https:\/\/firstnationsdrinkingwater.ca\/#website","url":"https:\/\/firstnationsdrinkingwater.ca\/","name":"Sur l'eau Potable des Premi\u00e8res Nations","description":"Sur l'eau Potable des Premi\u00e8res Nations","potentialAction":[{"@type":"SearchAction","target":{"@type":"EntryPoint","urlTemplate":"https:\/\/firstnationsdrinkingwater.ca\/?s={search_term_string}"},"query-input":{"@type":"PropertyValueSpecification","valueRequired":true,"valueName":"search_term_string"}}],"inLanguage":"fr-FR"}]}},"_links":{"self":[{"href":"https:\/\/firstnationsdrinkingwater.ca\/fr\/wp-json\/wp\/v2\/pages\/5084","targetHints":{"allow":["GET"]}}],"collection":[{"href":"https:\/\/firstnationsdrinkingwater.ca\/fr\/wp-json\/wp\/v2\/pages"}],"about":[{"href":"https:\/\/firstnationsdrinkingwater.ca\/fr\/wp-json\/wp\/v2\/types\/page"}],"author":[{"embeddable":true,"href":"https:\/\/firstnationsdrinkingwater.ca\/fr\/wp-json\/wp\/v2\/users\/3"}],"replies":[{"embeddable":true,"href":"https:\/\/firstnationsdrinkingwater.ca\/fr\/wp-json\/wp\/v2\/comments?post=5084"}],"version-history":[{"count":42,"href":"https:\/\/firstnationsdrinkingwater.ca\/fr\/wp-json\/wp\/v2\/pages\/5084\/revisions"}],"predecessor-version":[{"id":9855,"href":"https:\/\/firstnationsdrinkingwater.ca\/fr\/wp-json\/wp\/v2\/pages\/5084\/revisions\/9855"}],"up":[{"embeddable":true,"href":"https:\/\/firstnationsdrinkingwater.ca\/fr\/wp-json\/wp\/v2\/pages\/4859"}],"wp:attachment":[{"href":"https:\/\/firstnationsdrinkingwater.ca\/fr\/wp-json\/wp\/v2\/media?parent=5084"}],"wp:term":[{"taxonomy":"wf_page_folders","embeddable":true,"href":"https:\/\/firstnationsdrinkingwater.ca\/fr\/wp-json\/wp\/v2\/wf_page_folders?post=5084"}],"curies":[{"name":"wp","href":"https:\/\/api.w.org\/{rel}","templated":true}]}}