{"id":5946,"date":"2022-03-29T19:11:49","date_gmt":"2022-03-29T19:11:49","guid":{"rendered":"https:\/\/firstnationsdrinkingwater.ca\/?page_id=5946"},"modified":"2024-01-17T18:50:40","modified_gmt":"2024-01-17T18:50:40","slug":"liste-des-premieres-nations-touchees-francais","status":"publish","type":"page","link":"https:\/\/firstnationsdrinkingwater.ca\/fr\/liste-des-premieres-nations-touchees-francais\/","title":{"rendered":"Premi\u00e8res nations touch\u00e9es"},"content":{"rendered":"<p><div class=\"fusion-fullwidth fullwidth-box fusion-builder-row-1 fusion-flex-container nonhundred-percent-fullwidth non-hundred-percent-height-scrolling\" style=\"--awb-border-radius-top-left:0px;--awb-border-radius-top-right:0px;--awb-border-radius-bottom-right:0px;--awb-border-radius-bottom-left:0px;--awb-background-color:#f2faff;--awb-flex-wrap:wrap;\" ><div class=\"fusion-builder-row fusion-row fusion-flex-align-items-flex-start fusion-flex-content-wrap\" style=\"max-width:1331.2px;margin-left: calc(-4% \/ 2 );margin-right: calc(-4% \/ 2 );\"><div class=\"fusion-layout-column fusion_builder_column fusion-builder-column-0 fusion_builder_column_1_1 1_1 fusion-flex-column\" style=\"--awb-bg-size:cover;--awb-width-large:100%;--awb-margin-top-large:0px;--awb-spacing-right-large:1.92%;--awb-margin-bottom-large:20px;--awb-spacing-left-large:1.92%;--awb-width-medium:100%;--awb-order-medium:0;--awb-spacing-right-medium:1.92%;--awb-spacing-left-medium:1.92%;--awb-width-small:100%;--awb-order-small:0;--awb-spacing-right-small:1.92%;--awb-spacing-left-small:1.92%;\"><div class=\"fusion-column-wrapper fusion-column-has-shadow fusion-flex-justify-content-flex-start fusion-content-layout-column\"><div class=\"fusion-title title fusion-title-1 fusion-sep-none fusion-title-text fusion-title-size-one\"><h1 class=\"fusion-title-heading title-heading-left fusion-responsive-typography-calculated\" style=\"margin:0;--fontSize:72;line-height:1.17;\"><h1>Liste des Premi\u00e8res nations touch\u00e9es<\/h1><\/h1><\/div><\/div><\/div><\/div><\/div><div class=\"fusion-fullwidth fullwidth-box fusion-builder-row-2 fusion-flex-container nonhundred-percent-fullwidth non-hundred-percent-height-scrolling\" style=\"--awb-border-radius-top-left:0px;--awb-border-radius-top-right:0px;--awb-border-radius-bottom-right:0px;--awb-border-radius-bottom-left:0px;--awb-padding-top:30px;--awb-flex-wrap:wrap;\" ><div class=\"fusion-builder-row fusion-row fusion-flex-align-items-flex-start fusion-flex-content-wrap\" style=\"max-width:1331.2px;margin-left: calc(-4% \/ 2 );margin-right: calc(-4% \/ 2 );\"><div class=\"fusion-layout-column fusion_builder_column fusion-builder-column-1 fusion_builder_column_1_1 1_1 fusion-flex-column\" style=\"--awb-bg-size:cover;--awb-width-large:100%;--awb-margin-top-large:0px;--awb-spacing-right-large:1.92%;--awb-margin-bottom-large:20px;--awb-spacing-left-large:1.92%;--awb-width-medium:100%;--awb-order-medium:0;--awb-spacing-right-medium:1.92%;--awb-spacing-left-medium:1.92%;--awb-width-small:100%;--awb-order-small:0;--awb-spacing-right-small:1.92%;--awb-spacing-left-small:1.92%;\"><div class=\"fusion-column-wrapper fusion-column-has-shadow fusion-flex-justify-content-flex-start fusion-content-layout-column\"><nav class=\"fusion-breadcrumbs awb-yoast-breadcrumbs fusion-breadcrumbs-1\" style=\"--awb-breadcrumb-sep:&#039;&gt;&#039;;\" aria-label=\"Breadcrumb\"><span><span><a href=\"https:\/\/firstnationsdrinkingwater.ca\/fr\/\">Home<\/a><\/span><\/span><\/nav><\/div><\/div><\/div><\/div><div class=\"fusion-fullwidth fullwidth-box fusion-builder-row-3 fusion-flex-container nonhundred-percent-fullwidth non-hundred-percent-height-scrolling\" style=\"--awb-border-radius-top-left:0px;--awb-border-radius-top-right:0px;--awb-border-radius-bottom-right:0px;--awb-border-radius-bottom-left:0px;--awb-flex-wrap:wrap;\" ><div class=\"fusion-builder-row fusion-row fusion-flex-align-items-flex-start fusion-flex-content-wrap\" style=\"max-width:1331.2px;margin-left: calc(-4% \/ 2 );margin-right: calc(-4% \/ 2 );\"><div class=\"fusion-layout-column fusion_builder_column fusion-builder-column-2 fusion_builder_column_1_1 1_1 fusion-flex-column\" style=\"--awb-padding-top:30px;--awb-bg-size:cover;--awb-width-large:100%;--awb-margin-top-large:0px;--awb-spacing-right-large:1.92%;--awb-margin-bottom-large:0px;--awb-spacing-left-large:1.92%;--awb-width-medium:33.333333333333%;--awb-order-medium:0;--awb-spacing-right-medium:5.76%;--awb-margin-bottom-medium:60px;--awb-spacing-left-medium:5.76%;--awb-width-small:100%;--awb-order-small:0;--awb-spacing-right-small:1.92%;--awb-spacing-left-small:1.92%;\"><div class=\"fusion-column-wrapper fusion-column-has-shadow fusion-flex-justify-content-flex-start fusion-content-layout-column\"><div class=\"fusion-text fusion-text-1 fusion-text-no-margin text_block_links\" style=\"--awb-text-transform:none;--awb-margin-bottom:30px;\"><p>Ce tableau montre toutes les Premi\u00e8res Nations qui ont connu des avis \u00e0 long terme sur la qualit\u00e9 de l&rsquo;eau potable dans les p\u00e9riodes vis\u00e9es par le r\u00e8glement. Pour rappel, un \u00ab avis \u00e0 long terme sur la qualit\u00e9 de l&rsquo;eau potable \u00bb signifie un avis qui a dur\u00e9 un an ou plus.<\/p>\n<p>Vous pouvez utiliser le champ Rechercher pour affiner la liste.<\/p>\n<div id=\"footable_parent_7624\"\n         class=\" footable_parent ninja_table_wrapper loading_ninja_table wp_table_data_press_parent semantic_ui \">\n                <table data-ninja_table_instance=\"ninja_table_instance_0\" data-footable_id=\"7624\" data-filter-delay=\"1000\" aria-label=\"CURRENT FNDW-FNandR-List-FR.csv\"            id=\"footable_7624\"\n           data-unique_identifier=\"ninja_table_unique_id_3026449772_7624\"\n           class=\" foo-table ninja_footable foo_table_7624 ninja_table_unique_id_3026449772_7624 ui table  nt_type_ajax_table selectable striped vertical_centered  footable-paging-right\">\n                <colgroup>\n                            <col class=\"ninja_column_0 \">\n                            <col class=\"ninja_column_1 \">\n                            <col class=\"ninja_column_2 \">\n                            <col class=\"ninja_column_3 \">\n                            <col class=\"ninja_column_4 \">\n                            <col class=\"ninja_column_5 \">\n                    <\/colgroup>\n            <\/table>\n    \n    \n    \n<\/div>\n\n<\/div><\/div><\/div><\/div><\/div><\/p>\n","protected":false},"excerpt":{"rendered":"","protected":false},"author":3,"featured_media":0,"parent":0,"menu_order":0,"comment_status":"closed","ping_status":"closed","template":"100-width.php","meta":{"inline_featured_image":false,"footnotes":"","_links_to":"","_links_to_target":""},"wf_page_folders":[],"class_list":["post-5946","page","type-page","status-publish","hentry"],"yoast_head":"<!-- This site is optimized with the Yoast SEO plugin v27.2 - https:\/\/yoast.com\/product\/yoast-seo-wordpress\/ -->\n<title>Premi\u00e8res nations touch\u00e9es - Sur l&#039;eau Potable des Premi\u00e8res Nations<\/title>\n<meta name=\"robots\" content=\"index, follow, max-snippet:-1, max-image-preview:large, max-video-preview:-1\" \/>\n<link rel=\"canonical\" href=\"https:\/\/firstnationsdrinkingwater.ca\/?page_id=5945\" \/>\n<meta property=\"og:locale\" content=\"fr_FR\" \/>\n<meta property=\"og:type\" content=\"article\" \/>\n<meta property=\"og:title\" content=\"Premi\u00e8res nations touch\u00e9es - Sur l&#039;eau Potable des Premi\u00e8res Nations\" \/>\n<meta property=\"og:url\" content=\"https:\/\/firstnationsdrinkingwater.ca\/?page_id=5945\" \/>\n<meta property=\"og:site_name\" content=\"Sur l&#039;eau Potable des Premi\u00e8res Nations\" \/>\n<meta property=\"article:modified_time\" content=\"2024-01-17T18:50:40+00:00\" \/>\n<meta name=\"twitter:card\" content=\"summary_large_image\" \/>\n<meta name=\"twitter:label1\" content=\"Dur\u00e9e de lecture estim\u00e9e\" \/>\n\t<meta name=\"twitter:data1\" content=\"1 minute\" \/>\n<script type=\"application\/ld+json\" class=\"yoast-schema-graph\">{\"@context\":\"https:\/\/schema.org\",\"@graph\":[{\"@type\":\"WebPage\",\"@id\":\"https:\/\/firstnationsdrinkingwater.ca\/?page_id=5945\",\"url\":\"https:\/\/firstnationsdrinkingwater.ca\/?page_id=5945\",\"name\":\"Premi\u00e8res nations touch\u00e9es - Sur l'eau Potable des Premi\u00e8res Nations\",\"isPartOf\":{\"@id\":\"https:\/\/firstnationsdrinkingwater.ca\/#website\"},\"datePublished\":\"2022-03-29T19:11:49+00:00\",\"dateModified\":\"2024-01-17T18:50:40+00:00\",\"breadcrumb\":{\"@id\":\"https:\/\/firstnationsdrinkingwater.ca\/?page_id=5945#breadcrumb\"},\"inLanguage\":\"fr-FR\",\"potentialAction\":[{\"@type\":\"ReadAction\",\"target\":[\"https:\/\/firstnationsdrinkingwater.ca\/?page_id=5945\"]}]},{\"@type\":\"BreadcrumbList\",\"@id\":\"https:\/\/firstnationsdrinkingwater.ca\/?page_id=5945#breadcrumb\",\"itemListElement\":[{\"@type\":\"ListItem\",\"position\":1,\"name\":\"Home\",\"item\":\"https:\/\/firstnationsdrinkingwater.ca\/fr\/\"},{\"@type\":\"ListItem\",\"position\":2,\"name\":\"Premi\u00e8res nations touch\u00e9es\"}]},{\"@type\":\"WebSite\",\"@id\":\"https:\/\/firstnationsdrinkingwater.ca\/#website\",\"url\":\"https:\/\/firstnationsdrinkingwater.ca\/\",\"name\":\"Sur l'eau Potable des Premi\u00e8res Nations\",\"description\":\"Sur l'eau Potable des Premi\u00e8res Nations\",\"potentialAction\":[{\"@type\":\"SearchAction\",\"target\":{\"@type\":\"EntryPoint\",\"urlTemplate\":\"https:\/\/firstnationsdrinkingwater.ca\/?s={search_term_string}\"},\"query-input\":{\"@type\":\"PropertyValueSpecification\",\"valueRequired\":true,\"valueName\":\"search_term_string\"}}],\"inLanguage\":\"fr-FR\"}]}<\/script>\n<!-- \/ Yoast SEO plugin. -->","yoast_head_json":{"title":"Premi\u00e8res nations touch\u00e9es - Sur l'eau Potable des Premi\u00e8res Nations","robots":{"index":"index","follow":"follow","max-snippet":"max-snippet:-1","max-image-preview":"max-image-preview:large","max-video-preview":"max-video-preview:-1"},"canonical":"https:\/\/firstnationsdrinkingwater.ca\/?page_id=5945","og_locale":"fr_FR","og_type":"article","og_title":"Premi\u00e8res nations touch\u00e9es - Sur l'eau Potable des Premi\u00e8res Nations","og_url":"https:\/\/firstnationsdrinkingwater.ca\/?page_id=5945","og_site_name":"Sur l'eau Potable des Premi\u00e8res Nations","article_modified_time":"2024-01-17T18:50:40+00:00","twitter_card":"summary_large_image","twitter_misc":{"Dur\u00e9e de lecture estim\u00e9e":"1 minute"},"schema":{"@context":"https:\/\/schema.org","@graph":[{"@type":"WebPage","@id":"https:\/\/firstnationsdrinkingwater.ca\/?page_id=5945","url":"https:\/\/firstnationsdrinkingwater.ca\/?page_id=5945","name":"Premi\u00e8res nations touch\u00e9es - Sur l'eau Potable des Premi\u00e8res Nations","isPartOf":{"@id":"https:\/\/firstnationsdrinkingwater.ca\/#website"},"datePublished":"2022-03-29T19:11:49+00:00","dateModified":"2024-01-17T18:50:40+00:00","breadcrumb":{"@id":"https:\/\/firstnationsdrinkingwater.ca\/?page_id=5945#breadcrumb"},"inLanguage":"fr-FR","potentialAction":[{"@type":"ReadAction","target":["https:\/\/firstnationsdrinkingwater.ca\/?page_id=5945"]}]},{"@type":"BreadcrumbList","@id":"https:\/\/firstnationsdrinkingwater.ca\/?page_id=5945#breadcrumb","itemListElement":[{"@type":"ListItem","position":1,"name":"Home","item":"https:\/\/firstnationsdrinkingwater.ca\/fr\/"},{"@type":"ListItem","position":2,"name":"Premi\u00e8res nations touch\u00e9es"}]},{"@type":"WebSite","@id":"https:\/\/firstnationsdrinkingwater.ca\/#website","url":"https:\/\/firstnationsdrinkingwater.ca\/","name":"Sur l'eau Potable des Premi\u00e8res Nations","description":"Sur l'eau Potable des Premi\u00e8res Nations","potentialAction":[{"@type":"SearchAction","target":{"@type":"EntryPoint","urlTemplate":"https:\/\/firstnationsdrinkingwater.ca\/?s={search_term_string}"},"query-input":{"@type":"PropertyValueSpecification","valueRequired":true,"valueName":"search_term_string"}}],"inLanguage":"fr-FR"}]}},"_links":{"self":[{"href":"https:\/\/firstnationsdrinkingwater.ca\/fr\/wp-json\/wp\/v2\/pages\/5946","targetHints":{"allow":["GET"]}}],"collection":[{"href":"https:\/\/firstnationsdrinkingwater.ca\/fr\/wp-json\/wp\/v2\/pages"}],"about":[{"href":"https:\/\/firstnationsdrinkingwater.ca\/fr\/wp-json\/wp\/v2\/types\/page"}],"author":[{"embeddable":true,"href":"https:\/\/firstnationsdrinkingwater.ca\/fr\/wp-json\/wp\/v2\/users\/3"}],"replies":[{"embeddable":true,"href":"https:\/\/firstnationsdrinkingwater.ca\/fr\/wp-json\/wp\/v2\/comments?post=5946"}],"version-history":[{"count":15,"href":"https:\/\/firstnationsdrinkingwater.ca\/fr\/wp-json\/wp\/v2\/pages\/5946\/revisions"}],"predecessor-version":[{"id":9260,"href":"https:\/\/firstnationsdrinkingwater.ca\/fr\/wp-json\/wp\/v2\/pages\/5946\/revisions\/9260"}],"wp:attachment":[{"href":"https:\/\/firstnationsdrinkingwater.ca\/fr\/wp-json\/wp\/v2\/media?parent=5946"}],"wp:term":[{"taxonomy":"wf_page_folders","embeddable":true,"href":"https:\/\/firstnationsdrinkingwater.ca\/fr\/wp-json\/wp\/v2\/wf_page_folders?post=5946"}],"curies":[{"name":"wp","href":"https:\/\/api.w.org\/{rel}","templated":true}]}}